{"id":11625,"date":"2025-03-19T11:44:53","date_gmt":"2025-03-19T10:44:53","guid":{"rendered":"https:\/\/effe.ch\/?page_id=11625"},"modified":"2025-03-19T11:44:53","modified_gmt":"2025-03-19T10:44:53","slug":"inscription_encouragementlinguistiqueauquotidien_sept-dec2025","status":"publish","type":"page","link":"https:\/\/effe.ch\/de\/inscription_encouragementlinguistiqueauquotidien_sept-dec2025\/","title":{"rendered":"inscription_EncouragementLinguistiqueAuQuotidien_sept-dec2025"},"content":{"rendered":"<div class=\"wpforms-container wpforms-container-full wpforms-block wpforms-render-modern\" id=\"wpforms-11621\"><form id=\"wpforms-form-11621\" class=\"wpforms-validate wpforms-form wpforms-ajax-form\" data-formid=\"11621\" method=\"post\" enctype=\"multipart\/form-data\" action=\"\/de\/wp-json\/wp\/v2\/pages\/11625\" data-token=\"dc3a557fc116c426b5ba1036cff08da1\" data-token-time=\"1777602181\"><noscript class=\"wpforms-error-noscript\">Bitte aktiviere JavaScript in deinem Browser, um dieses Formular fertigzustellen.<\/noscript><div id=\"wpforms-error-noscript\" style=\"display: none;\">Bitte aktiviere JavaScript in deinem Browser, um dieses Formular fertigzustellen.<\/div><div class=\"wpforms-field-container\"><div id=\"wpforms-11621-field_58-container\" class=\"wpforms-field wpforms-field-divider\" data-field-id=\"58\"><h3 id=\"wpforms-11621-field_58\" aria-errormessage=\"wpforms-11621-field_58-error\" aria-describedby=\"wpforms-11621-field_58-description\">inscription en ligne \u00e0 la formation &quot;Soutien linguistique int\u00e9gr\u00e9 au quotidien&quot; \/ du 13 septembre au 8 d\u00e9cembre 2025<\/h3><div id=\"wpforms-11621-field_58-description\" class=\"wpforms-field-description\">d\u00e9lai d&#8217;inscription : 05.09.2025<\/div><\/div><div id=\"wpforms-11621-field_34-container\" class=\"wpforms-field wpforms-field-divider\" data-field-id=\"34\"><h3 id=\"wpforms-11621-field_34\" aria-errormessage=\"wpforms-11621-field_34-error\" aria-describedby=\"wpforms-11621-field_34-description\">calendrier<\/h3><div id=\"wpforms-11621-field_34-description\" class=\"wpforms-field-description\">samedi 13 septembre 2025, 9h-12h30 | \nlundi 29 septembre 2025, 17h-19h30 | \nlundi 27 octobre 2025, 17h-19h30 | \nlundi 10 novembre 2025, 17h-19h30 | \nlundi 8 d\u00e9cembre 2025, 17h-19h30\n<\/div><\/div><div id=\"wpforms-11621-field_61-container\" class=\"wpforms-field wpforms-field-divider\" data-field-id=\"61\"><h3 id=\"wpforms-11621-field_61\" aria-errormessage=\"wpforms-11621-field_61-error\">informations g\u00e9n\u00e9rales<\/h3><\/div><div id=\"wpforms-11621-field_9-container\" class=\"wpforms-field wpforms-field-layout\" data-field-id=\"9\"><div class=\"wpforms-field-layout-rows wpforms-field-large\"><div class=\"wpforms-layout-row\"><div class=\"wpforms-layout-column wpforms-layout-column-50\"><div id=\"wpforms-11621-field_11-container\" class=\"wpforms-field wpforms-field-text\" data-field-id=\"11\"><label class=\"wpforms-field-label\" for=\"wpforms-11621-field_11\">pr\u00e9nom(s) officiel(s) <span class=\"wpforms-required-label\" aria-hidden=\"true\">*<\/span><\/label><input type=\"text\" id=\"wpforms-11621-field_11\" class=\"wpforms-field-medium wpforms-field-required\" name=\"wpforms[fields][11]\" aria-errormessage=\"wpforms-11621-field_11-error\" required><\/div><\/div><div class=\"wpforms-layout-column wpforms-layout-column-50\"><div id=\"wpforms-11621-field_10-container\" class=\"wpforms-field wpforms-field-text\" data-field-id=\"10\"><label class=\"wpforms-field-label\" for=\"wpforms-11621-field_10\">nom(s) de famille officiel(s) <span class=\"wpforms-required-label\" aria-hidden=\"true\">*<\/span><\/label><input type=\"text\" id=\"wpforms-11621-field_10\" class=\"wpforms-field-medium wpforms-field-required\" name=\"wpforms[fields][10]\" aria-errormessage=\"wpforms-11621-field_10-error\" required><\/div><\/div><\/div><div class=\"wpforms-layout-row\"><div class=\"wpforms-layout-column wpforms-layout-column-50\"><div id=\"wpforms-11621-field_36-container\" class=\"wpforms-field wpforms-field-text\" data-field-id=\"36\"><label class=\"wpforms-field-label\" for=\"wpforms-11621-field_36\">adresse postale priv\u00e9e <span class=\"wpforms-required-label\" aria-hidden=\"true\">*<\/span><\/label><input type=\"text\" id=\"wpforms-11621-field_36\" class=\"wpforms-field-medium wpforms-field-required\" name=\"wpforms[fields][36]\" aria-errormessage=\"wpforms-11621-field_36-error\" aria-describedby=\"wpforms-11621-field_36-description\" required><div id=\"wpforms-11621-field_36-description\" class=\"wpforms-field-description\">rue et num\u00e9ro<\/div><\/div><\/div><div class=\"wpforms-layout-column wpforms-layout-column-50\"><div id=\"wpforms-11621-field_7-container\" class=\"wpforms-field wpforms-field-phone\" data-field-id=\"7\"><label class=\"wpforms-field-label\" for=\"wpforms-11621-field_7\">t\u00e9l\u00e9phone portable <span class=\"wpforms-required-label\" aria-hidden=\"true\">*<\/span><\/label><input type=\"tel\" id=\"wpforms-11621-field_7\" class=\"wpforms-field-medium wpforms-field-required wpforms-smart-phone-field\" data-rule-smart-phone-field=\"true\" name=\"wpforms[fields][7]\" aria-label=\"t\u00e9l\u00e9phone portable\" aria-errormessage=\"wpforms-11621-field_7-error\" aria-describedby=\"wpforms-11621-field_7-description\" required><div id=\"wpforms-11621-field_7-description\" class=\"wpforms-field-description\">Si vous n&#8217;avez pas de portable : indiquez votre num\u00e9ro priv\u00e9.<\/div><\/div><\/div><\/div><div class=\"wpforms-layout-row\"><div class=\"wpforms-layout-column wpforms-layout-column-50\"><div id=\"wpforms-11621-field_38-container\" class=\"wpforms-field wpforms-field-text\" data-field-id=\"38\"><label class=\"wpforms-field-label\" for=\"wpforms-11621-field_38\">code postal <span class=\"wpforms-required-label\" aria-hidden=\"true\">*<\/span><\/label><input type=\"text\" id=\"wpforms-11621-field_38\" class=\"wpforms-field-medium wpforms-field-required\" name=\"wpforms[fields][38]\" aria-errormessage=\"wpforms-11621-field_38-error\" required><\/div><\/div><div class=\"wpforms-layout-column wpforms-layout-column-50\"><div id=\"wpforms-11621-field_37-container\" class=\"wpforms-field wpforms-field-text\" data-field-id=\"37\"><label class=\"wpforms-field-label\" for=\"wpforms-11621-field_37\">localit\u00e9 <span class=\"wpforms-required-label\" aria-hidden=\"true\">*<\/span><\/label><input type=\"text\" id=\"wpforms-11621-field_37\" class=\"wpforms-field-medium wpforms-field-required\" name=\"wpforms[fields][37]\" aria-errormessage=\"wpforms-11621-field_37-error\" required><\/div><\/div><\/div><div class=\"wpforms-layout-row\"><div class=\"wpforms-layout-column wpforms-layout-column-50\"><div id=\"wpforms-11621-field_39-container\" class=\"wpforms-field wpforms-field-text\" data-field-id=\"39\"><label class=\"wpforms-field-label\" for=\"wpforms-11621-field_39\">pays <span class=\"wpforms-required-label\" aria-hidden=\"true\">*<\/span><\/label><input type=\"text\" id=\"wpforms-11621-field_39\" class=\"wpforms-field-medium wpforms-field-required\" name=\"wpforms[fields][39]\" aria-errormessage=\"wpforms-11621-field_39-error\" required><\/div><\/div><div class=\"wpforms-layout-column wpforms-layout-column-50\"><div id=\"wpforms-11621-field_8-container\" class=\"wpforms-field wpforms-field-email\" data-field-id=\"8\"><label class=\"wpforms-field-label\" for=\"wpforms-11621-field_8\">e-mail <span class=\"wpforms-required-label\" aria-hidden=\"true\">*<\/span><\/label><input type=\"email\" id=\"wpforms-11621-field_8\" class=\"wpforms-field-medium wpforms-field-required\" name=\"wpforms[fields][8]\" spellcheck=\"false\" aria-errormessage=\"wpforms-11621-field_8-error\" required><\/div><\/div><\/div><\/div><\/div><div id=\"wpforms-11621-field_63-container\" class=\"wpforms-field wpforms-field-textarea\" data-field-id=\"63\"><label class=\"wpforms-field-label\" for=\"wpforms-11621-field_63\">nom et adresse compl\u00e8te de votre cr\u00e8che ou institution <span class=\"wpforms-required-label\" aria-hidden=\"true\">*<\/span><\/label><textarea id=\"wpforms-11621-field_63\" class=\"wpforms-field-small wpforms-field-required\" name=\"wpforms[fields][63]\" aria-errormessage=\"wpforms-11621-field_63-error\" aria-describedby=\"wpforms-11621-field_63-description\" required><\/textarea><div id=\"wpforms-11621-field_63-description\" class=\"wpforms-field-description\">Pr\u00e9ciser : nom, adresse postale, e-mail, num\u00e9ro de t\u00e9l\u00e9phone.<\/div><\/div><div id=\"wpforms-11621-field_64-container\" class=\"wpforms-field wpforms-field-textarea\" data-field-id=\"64\"><label class=\"wpforms-field-label\" for=\"wpforms-11621-field_64\">comment avez-vous entendu parler de cette formation ?<\/label><textarea id=\"wpforms-11621-field_64\" class=\"wpforms-field-small\" name=\"wpforms[fields][64]\" aria-errormessage=\"wpforms-11621-field_64-error\" ><\/textarea><\/div><div id=\"wpforms-11621-field_32-container\" class=\"wpforms-field wpforms-field-divider\" data-field-id=\"32\"><h3 id=\"wpforms-11621-field_32\" aria-errormessage=\"wpforms-11621-field_32-error\">facturation<\/h3><\/div><div id=\"wpforms-11621-field_59-container\" class=\"wpforms-field wpforms-field-checkbox wpforms-list-2-columns\" data-field-id=\"59\"><fieldset><legend class=\"wpforms-field-label wpforms-label-hide\" aria-hidden=\"false\">facturation <span class=\"wpforms-required-label\" aria-hidden=\"true\">*<\/span><\/legend><ul id=\"wpforms-11621-field_59\" class=\"wpforms-field-required\"><li class=\"choice-1 depth-1\"><input type=\"checkbox\" id=\"wpforms-11621-field_59_1\" name=\"wpforms[fields][59][]\" value=\"auto-financement\" aria-errormessage=\"wpforms-11621-field_59_1-error\" required ><label class=\"wpforms-field-label-inline\" for=\"wpforms-11621-field_59_1\">auto-financement<\/label><\/li><li class=\"choice-2 depth-1\"><input type=\"checkbox\" id=\"wpforms-11621-field_59_2\" name=\"wpforms[fields][59][]\" value=\"employeuse\/employeur\" aria-errormessage=\"wpforms-11621-field_59_2-error\" required ><label class=\"wpforms-field-label-inline\" for=\"wpforms-11621-field_59_2\">employeuse\/employeur<\/label><\/li><li class=\"choice-3 depth-1\"><input type=\"checkbox\" id=\"wpforms-11621-field_59_3\" name=\"wpforms[fields][59][]\" value=\"office de placement (ch\u00f4mage)\" aria-errormessage=\"wpforms-11621-field_59_3-error\" required ><label class=\"wpforms-field-label-inline\" for=\"wpforms-11621-field_59_3\">office de placement (ch\u00f4mage)<\/label><\/li><li class=\"choice-5 depth-1\"><input type=\"checkbox\" id=\"wpforms-11621-field_59_5\" name=\"wpforms[fields][59][]\" value=\"autre\" aria-errormessage=\"wpforms-11621-field_59_5-error\" required ><label class=\"wpforms-field-label-inline\" for=\"wpforms-11621-field_59_5\">autre<\/label><\/li><li class=\"choice-4 depth-1\"><input type=\"checkbox\" id=\"wpforms-11621-field_59_4\" name=\"wpforms[fields][59][]\" value=\"assurance invalidit\u00e9\" aria-errormessage=\"wpforms-11621-field_59_4-error\" required ><label class=\"wpforms-field-label-inline\" for=\"wpforms-11621-field_59_4\">assurance invalidit\u00e9<\/label><\/li><\/ul><\/fieldset><\/div><div id=\"wpforms-11621-field_57-container\" class=\"wpforms-field wpforms-field-textarea\" data-field-id=\"57\"><label class=\"wpforms-field-label\" for=\"wpforms-11621-field_57\">coordonn\u00e9es compl\u00e8tes de la personne responsable de la facturation <span class=\"wpforms-required-label\" aria-hidden=\"true\">*<\/span><\/label><textarea id=\"wpforms-11621-field_57\" class=\"wpforms-field-medium wpforms-field-required\" name=\"wpforms[fields][57]\" aria-errormessage=\"wpforms-11621-field_57-error\" aria-describedby=\"wpforms-11621-field_57-description\" required><\/textarea><div id=\"wpforms-11621-field_57-description\" class=\"wpforms-field-description\">Pr\u00e9ciser : pr\u00e9nom, nom, fonction, institution\/entreprise, e-mail, num\u00e9ro de t\u00e9l\u00e9phone, adresse postale.<\/div><\/div><div id=\"wpforms-11621-field_33-container\" class=\"wpforms-field wpforms-field-divider\" data-field-id=\"33\"><h3 id=\"wpforms-11621-field_33\" aria-errormessage=\"wpforms-11621-field_33-error\">confirmation et inscription<\/h3><\/div><div id=\"wpforms-11621-field_29-container\" class=\"wpforms-field wpforms-field-checkbox\" data-field-id=\"29\"><fieldset><legend class=\"wpforms-field-label\">conditions g\u00e9n\u00e9rales <span class=\"wpforms-required-label\" aria-hidden=\"true\">*<\/span><\/legend><ul id=\"wpforms-11621-field_29\" class=\"wpforms-field-required\" data-choice-limit=\"1\"><li class=\"choice-4 depth-1\"><input type=\"checkbox\" id=\"wpforms-11621-field_29_4\" data-rule-check-limit=\"true\" name=\"wpforms[fields][29][]\" value=\"je confirme avoir pris connaissance et j\u2019accepte les &lt;a href=&quot;https:\/\/effe.ch\/wp-content\/uploads\/2022\/09\/conditions-generales-effe_2023.pdf&quot; target=&quot;_blank&quot;&gt;conditions g\u00e9n\u00e9rales de effe&lt;\/a&gt;\" aria-errormessage=\"wpforms-11621-field_29_4-error\" required ><label class=\"wpforms-field-label-inline\" for=\"wpforms-11621-field_29_4\">je confirme avoir pris connaissance et j\u2019accepte les <a href=\"https:\/\/effe.ch\/wp-content\/uploads\/2022\/09\/conditions-generales-effe_2023.pdf\" target=\"_blank\">conditions g\u00e9n\u00e9rales de effe<\/a><\/label><\/li><\/ul><\/fieldset><\/div><div id=\"wpforms-11621-field_44-container\" class=\"wpforms-field wpforms-field-checkbox\" data-field-id=\"44\"><fieldset><legend class=\"wpforms-field-label\">confirmation d&#039;inscription <span class=\"wpforms-required-label\" aria-hidden=\"true\">*<\/span><\/legend><ul id=\"wpforms-11621-field_44\" class=\"wpforms-field-required\" data-choice-limit=\"1\"><li class=\"choice-4 depth-1\"><input type=\"checkbox\" id=\"wpforms-11621-field_44_4\" data-rule-check-limit=\"true\" name=\"wpforms[fields][44][]\" value=\"je confirme mon inscription \u00e0 la formation &quot;Soutien linguistique int\u00e9gr\u00e9 au quotidien&quot; \/ du 13 septembre au 8 d\u00e9cembre 2025\" aria-errormessage=\"wpforms-11621-field_44_4-error\" required ><label class=\"wpforms-field-label-inline\" for=\"wpforms-11621-field_44_4\">je confirme mon inscription \u00e0 la formation &#8222;Soutien linguistique int\u00e9gr\u00e9 au quotidien&#8220; \/ du 13 septembre au 8 d\u00e9cembre 2025<\/label><\/li><\/ul><\/fieldset><\/div><\/div><!-- .wpforms-field-container --><div class=\"wpforms-recaptcha-container wpforms-is-recaptcha wpforms-is-recaptcha-type-v3\" ><input type=\"hidden\" name=\"wpforms[recaptcha]\" value=\"\"><\/div><div class=\"wpforms-submit-container\" ><input type=\"hidden\" name=\"wpforms[id]\" value=\"11621\"><input type=\"hidden\" name=\"page_title\" value=\"\"><input type=\"hidden\" name=\"page_url\" value=\"https:\/\/effe.ch\/de\/wp-json\/wp\/v2\/pages\/11625\"><input type=\"hidden\" name=\"url_referer\" value=\"\"><button type=\"submit\" name=\"wpforms[submit]\" id=\"wpforms-submit-11621\" class=\"wpforms-submit\" data-alt-text=\"Envoi en cours ...\" data-submit-text=\"Envoyer\" aria-live=\"assertive\" value=\"wpforms-submit\">Envoyer<\/button><img decoding=\"async\" src=\"https:\/\/effe.ch\/wp-content\/plugins\/wpforms\/assets\/images\/submit-spin.svg\" class=\"wpforms-submit-spinner\" style=\"display: none;\" width=\"26\" height=\"26\" alt=\"Wird geladen\"><\/div><\/form><\/div>  <!-- .wpforms-container -->","protected":false},"excerpt":{"rendered":"","protected":false},"author":8,"featured_media":0,"parent":0,"menu_order":0,"comment_status":"closed","ping_status":"closed","template":"","meta":{"inline_featured_image":false,"footnotes":""},"class_list":["post-11625","page","type-page","status-publish","hentry"],"_links":{"self":[{"href":"https:\/\/effe.ch\/de\/wp-json\/wp\/v2\/pages\/11625","targetHints":{"allow":["GET"]}}],"collection":[{"href":"https:\/\/effe.ch\/de\/wp-json\/wp\/v2\/pages"}],"about":[{"href":"https:\/\/effe.ch\/de\/wp-json\/wp\/v2\/types\/page"}],"author":[{"embeddable":true,"href":"https:\/\/effe.ch\/de\/wp-json\/wp\/v2\/users\/8"}],"replies":[{"embeddable":true,"href":"https:\/\/effe.ch\/de\/wp-json\/wp\/v2\/comments?post=11625"}],"version-history":[{"count":1,"href":"https:\/\/effe.ch\/de\/wp-json\/wp\/v2\/pages\/11625\/revisions"}],"predecessor-version":[{"id":11626,"href":"https:\/\/effe.ch\/de\/wp-json\/wp\/v2\/pages\/11625\/revisions\/11626"}],"wp:attachment":[{"href":"https:\/\/effe.ch\/de\/wp-json\/wp\/v2\/media?parent=11625"}],"curies":[{"name":"wp","href":"https:\/\/api.w.org\/{rel}","templated":true}]}}