{"id":11990,"date":"2025-05-19T10:32:44","date_gmt":"2025-05-19T09:32:44","guid":{"rendered":"https:\/\/effe.ch\/?page_id=11990"},"modified":"2025-05-19T10:32:53","modified_gmt":"2025-05-19T09:32:53","slug":"formulaire-contact_petits-pas","status":"publish","type":"page","link":"https:\/\/effe.ch\/de\/formulaire-contact_petits-pas\/","title":{"rendered":"formulaire-contact_petits-pas"},"content":{"rendered":"<div class=\"wpforms-container wpforms-container-full wpforms-block wpforms-render-modern\" id=\"wpforms-11899\"><form id=\"wpforms-form-11899\" class=\"wpforms-validate wpforms-form wpforms-ajax-form\" data-formid=\"11899\" method=\"post\" enctype=\"multipart\/form-data\" action=\"\/de\/wp-json\/wp\/v2\/pages\/11990\" data-token=\"ecede08318936f20b2479e20dd7e5ada\" data-token-time=\"1777886497\"><noscript class=\"wpforms-error-noscript\">Bitte aktiviere JavaScript in deinem Browser, um dieses Formular fertigzustellen.<\/noscript><div id=\"wpforms-error-noscript\" style=\"display: none;\">Bitte aktiviere JavaScript in deinem Browser, um dieses Formular fertigzustellen.<\/div><div class=\"wpforms-field-container\"><div id=\"wpforms-11899-field_58-container\" class=\"wpforms-field wpforms-field-divider\" data-field-id=\"58\"><h3 id=\"wpforms-11899-field_58\" aria-errormessage=\"wpforms-11899-field_58-error\" aria-describedby=\"wpforms-11899-field_58-description\">formulaire de contact pour le programme &quot;petits:pas&quot;<\/h3><div id=\"wpforms-11899-field_58-description\" class=\"wpforms-field-description\">Un programme de jeu et d\u2019apprentissage favorisant\nl\u2019int\u00e9gration des familles avec enfants \u00e2g\u00e9s de 1 \u00e0 3 ans. Le programme est propos\u00e9 dans plusieurs langues.<\/div><\/div><div id=\"wpforms-11899-field_61-container\" class=\"wpforms-field wpforms-field-divider\" data-field-id=\"61\"><h3 id=\"wpforms-11899-field_61\" aria-errormessage=\"wpforms-11899-field_61-error\">informations g\u00e9n\u00e9rales<\/h3><\/div><div id=\"wpforms-11899-field_9-container\" class=\"wpforms-field wpforms-field-layout\" data-field-id=\"9\"><div class=\"wpforms-field-layout-rows wpforms-field-large\"><div class=\"wpforms-layout-row\"><div class=\"wpforms-layout-column wpforms-layout-column-50\"><div id=\"wpforms-11899-field_11-container\" class=\"wpforms-field wpforms-field-text\" data-field-id=\"11\"><label class=\"wpforms-field-label\" for=\"wpforms-11899-field_11\">pr\u00e9nom de l&#039;enfant <span class=\"wpforms-required-label\" aria-hidden=\"true\">*<\/span><\/label><input type=\"text\" id=\"wpforms-11899-field_11\" class=\"wpforms-field-medium wpforms-field-required\" name=\"wpforms[fields][11]\" aria-errormessage=\"wpforms-11899-field_11-error\" required><\/div><\/div><div class=\"wpforms-layout-column wpforms-layout-column-50\"><div id=\"wpforms-11899-field_10-container\" class=\"wpforms-field wpforms-field-text\" data-field-id=\"10\"><label class=\"wpforms-field-label\" for=\"wpforms-11899-field_10\">nom de famille <span class=\"wpforms-required-label\" aria-hidden=\"true\">*<\/span><\/label><input type=\"text\" id=\"wpforms-11899-field_10\" class=\"wpforms-field-medium wpforms-field-required\" name=\"wpforms[fields][10]\" aria-errormessage=\"wpforms-11899-field_10-error\" required><\/div><\/div><\/div><div class=\"wpforms-layout-row\"><div class=\"wpforms-layout-column wpforms-layout-column-50\"><div id=\"wpforms-11899-field_65-container\" class=\"wpforms-field wpforms-field-date-time\" data-field-id=\"65\"><label class=\"wpforms-field-label\" for=\"wpforms-11899-field_65\">date de naissance de l&#039;enfant <span class=\"wpforms-required-label\" aria-hidden=\"true\">*<\/span><\/label><div class=\"wpforms-datepicker-wrap\"><input type=\"text\" id=\"wpforms-11899-field_65\" class=\"wpforms-field-date-time-date wpforms-datepicker wpforms-field-required wpforms-field-medium\" data-date-format=\"d\/m\/Y\" data-disable-past-dates=\"0\" data-input=\"true\" name=\"wpforms[fields][65][date]\" aria-errormessage=\"wpforms-11899-field_65-error\" required><a title=\"Datum leeren\" data-clear role=\"button\" tabindex=\"0\" class=\"wpforms-datepicker-clear\" aria-label=\"Datum leeren\" style=\"display:none;\"><\/a><\/div><\/div><\/div><div class=\"wpforms-layout-column wpforms-layout-column-50\"><div id=\"wpforms-11899-field_36-container\" class=\"wpforms-field wpforms-field-text\" data-field-id=\"36\"><label class=\"wpforms-field-label\" for=\"wpforms-11899-field_36\">adresse postale <span class=\"wpforms-required-label\" aria-hidden=\"true\">*<\/span><\/label><input type=\"text\" id=\"wpforms-11899-field_36\" class=\"wpforms-field-medium wpforms-field-required\" name=\"wpforms[fields][36]\" aria-errormessage=\"wpforms-11899-field_36-error\" aria-describedby=\"wpforms-11899-field_36-description\" required><div id=\"wpforms-11899-field_36-description\" class=\"wpforms-field-description\">rue et num\u00e9ro<\/div><\/div><\/div><\/div><div class=\"wpforms-layout-row\"><div class=\"wpforms-layout-column wpforms-layout-column-50\"><div id=\"wpforms-11899-field_38-container\" class=\"wpforms-field wpforms-field-text\" data-field-id=\"38\"><label class=\"wpforms-field-label\" for=\"wpforms-11899-field_38\">code postal <span class=\"wpforms-required-label\" aria-hidden=\"true\">*<\/span><\/label><input type=\"text\" id=\"wpforms-11899-field_38\" class=\"wpforms-field-medium wpforms-field-required\" name=\"wpforms[fields][38]\" aria-errormessage=\"wpforms-11899-field_38-error\" required><\/div><\/div><div class=\"wpforms-layout-column wpforms-layout-column-50\"><div id=\"wpforms-11899-field_37-container\" class=\"wpforms-field wpforms-field-text\" data-field-id=\"37\"><label class=\"wpforms-field-label\" for=\"wpforms-11899-field_37\">localit\u00e9 <span class=\"wpforms-required-label\" aria-hidden=\"true\">*<\/span><\/label><input type=\"text\" id=\"wpforms-11899-field_37\" class=\"wpforms-field-medium wpforms-field-required\" name=\"wpforms[fields][37]\" aria-errormessage=\"wpforms-11899-field_37-error\" required><\/div><\/div><\/div><div class=\"wpforms-layout-row\"><div class=\"wpforms-layout-column wpforms-layout-column-50\"><div id=\"wpforms-11899-field_7-container\" class=\"wpforms-field wpforms-field-phone\" data-field-id=\"7\"><label class=\"wpforms-field-label\" for=\"wpforms-11899-field_7\">t\u00e9l\u00e9phone portable<\/label><input type=\"tel\" id=\"wpforms-11899-field_7\" class=\"wpforms-field-medium wpforms-smart-phone-field\" data-rule-smart-phone-field=\"true\" name=\"wpforms[fields][7]\" aria-label=\"t\u00e9l\u00e9phone portable\" aria-errormessage=\"wpforms-11899-field_7-error\" aria-describedby=\"wpforms-11899-field_7-description\" ><div id=\"wpforms-11899-field_7-description\" class=\"wpforms-field-description\">Si vous n&#8217;avez pas de t\u00e9l\u00e9phone portable : indiquez votre adresse e-mail.<\/div><\/div><\/div><div class=\"wpforms-layout-column wpforms-layout-column-50\"><div id=\"wpforms-11899-field_8-container\" class=\"wpforms-field wpforms-field-email\" data-field-id=\"8\"><label class=\"wpforms-field-label\" for=\"wpforms-11899-field_8\">e-mail<\/label><input type=\"email\" id=\"wpforms-11899-field_8\" class=\"wpforms-field-medium\" name=\"wpforms[fields][8]\" spellcheck=\"false\" aria-errormessage=\"wpforms-11899-field_8-error\" aria-describedby=\"wpforms-11899-field_8-description\" ><div id=\"wpforms-11899-field_8-description\" class=\"wpforms-field-description\">Si vous n&#8217;avez pas d&#8217;adresse e-mail : indiquez votre num\u00e9ro de t\u00e9l\u00e9phone portable.<\/div><\/div><\/div><\/div><\/div><\/div><div id=\"wpforms-11899-field_63-container\" class=\"wpforms-field wpforms-field-textarea\" data-field-id=\"63\"><label class=\"wpforms-field-label\" for=\"wpforms-11899-field_63\">contact \u00e9tabli par <span class=\"wpforms-required-label\" aria-hidden=\"true\">*<\/span><\/label><textarea id=\"wpforms-11899-field_63\" class=\"wpforms-field-small wpforms-field-required\" name=\"wpforms[fields][63]\" aria-errormessage=\"wpforms-11899-field_63-error\" aria-describedby=\"wpforms-11899-field_63-description\" required><\/textarea><div id=\"wpforms-11899-field_63-description\" class=\"wpforms-field-description\">Pr\u00e9ciser : pr\u00e9nom et nom, institution, adresse postale, e-mail, num\u00e9ro de t\u00e9l\u00e9phone.<\/div><\/div><div id=\"wpforms-11899-field_32-container\" class=\"wpforms-field wpforms-field-divider\" data-field-id=\"32\"><h3 id=\"wpforms-11899-field_32\" aria-errormessage=\"wpforms-11899-field_32-error\">langues<\/h3><\/div><div id=\"wpforms-11899-field_59-container\" class=\"wpforms-field wpforms-field-checkbox\" data-field-id=\"59\"><fieldset><legend class=\"wpforms-field-label\">langue cible <span class=\"wpforms-required-label\" aria-hidden=\"true\">*<\/span><\/legend><ul id=\"wpforms-11899-field_59\" class=\"wpforms-field-required\"><li class=\"choice-1 depth-1\"><input type=\"checkbox\" id=\"wpforms-11899-field_59_1\" name=\"wpforms[fields][59][]\" value=\"fran\u00e7ais\" aria-errormessage=\"wpforms-11899-field_59_1-error\" required ><label class=\"wpforms-field-label-inline\" for=\"wpforms-11899-field_59_1\">fran\u00e7ais<\/label><\/li><li class=\"choice-2 depth-1\"><input type=\"checkbox\" id=\"wpforms-11899-field_59_2\" name=\"wpforms[fields][59][]\" value=\"allemand\" aria-errormessage=\"wpforms-11899-field_59_2-error\" required ><label class=\"wpforms-field-label-inline\" for=\"wpforms-11899-field_59_2\">allemand<\/label><\/li><\/ul><\/fieldset><\/div><div id=\"wpforms-11899-field_66-container\" class=\"wpforms-field wpforms-field-checkbox wpforms-list-3-columns wpforms-conditional-trigger\" data-field-id=\"66\"><fieldset><legend class=\"wpforms-field-label\">langue parl\u00e9e \u00e0 la maison <span class=\"wpforms-required-label\" aria-hidden=\"true\">*<\/span><\/legend><ul id=\"wpforms-11899-field_66\" class=\"wpforms-field-required\"><li class=\"choice-2 depth-1\"><input type=\"checkbox\" id=\"wpforms-11899-field_66_2\" name=\"wpforms[fields][66][]\" value=\"allemand\" aria-errormessage=\"wpforms-11899-field_66_2-error\" required ><label class=\"wpforms-field-label-inline\" for=\"wpforms-11899-field_66_2\">allemand<\/label><\/li><li class=\"choice-6 depth-1\"><input type=\"checkbox\" id=\"wpforms-11899-field_66_6\" name=\"wpforms[fields][66][]\" value=\"amharique\" aria-errormessage=\"wpforms-11899-field_66_6-error\" required ><label class=\"wpforms-field-label-inline\" for=\"wpforms-11899-field_66_6\">amharique<\/label><\/li><li class=\"choice-7 depth-1\"><input type=\"checkbox\" id=\"wpforms-11899-field_66_7\" name=\"wpforms[fields][66][]\" value=\"anglais\" aria-errormessage=\"wpforms-11899-field_66_7-error\" required ><label class=\"wpforms-field-label-inline\" for=\"wpforms-11899-field_66_7\">anglais<\/label><\/li><li class=\"choice-8 depth-1\"><input type=\"checkbox\" id=\"wpforms-11899-field_66_8\" name=\"wpforms[fields][66][]\" value=\"arabe\" aria-errormessage=\"wpforms-11899-field_66_8-error\" required ><label class=\"wpforms-field-label-inline\" for=\"wpforms-11899-field_66_8\">arabe<\/label><\/li><li class=\"choice-9 depth-1\"><input type=\"checkbox\" id=\"wpforms-11899-field_66_9\" name=\"wpforms[fields][66][]\" value=\"espagnol\" aria-errormessage=\"wpforms-11899-field_66_9-error\" required ><label class=\"wpforms-field-label-inline\" for=\"wpforms-11899-field_66_9\">espagnol<\/label><\/li><li class=\"choice-1 depth-1\"><input type=\"checkbox\" id=\"wpforms-11899-field_66_1\" name=\"wpforms[fields][66][]\" value=\"fran\u00e7ais\" aria-errormessage=\"wpforms-11899-field_66_1-error\" required ><label class=\"wpforms-field-label-inline\" for=\"wpforms-11899-field_66_1\">fran\u00e7ais<\/label><\/li><li class=\"choice-11 depth-1\"><input type=\"checkbox\" id=\"wpforms-11899-field_66_11\" name=\"wpforms[fields][66][]\" value=\"tamoul\" aria-errormessage=\"wpforms-11899-field_66_11-error\" required ><label class=\"wpforms-field-label-inline\" for=\"wpforms-11899-field_66_11\">tamoul<\/label><\/li><li class=\"choice-12 depth-1\"><input type=\"checkbox\" id=\"wpforms-11899-field_66_12\" name=\"wpforms[fields][66][]\" value=\"tigrigna\" aria-errormessage=\"wpforms-11899-field_66_12-error\" required ><label class=\"wpforms-field-label-inline\" for=\"wpforms-11899-field_66_12\">tigrigna<\/label><\/li><li class=\"choice-13 depth-1\"><input type=\"checkbox\" id=\"wpforms-11899-field_66_13\" name=\"wpforms[fields][66][]\" value=\"autre langue\" aria-errormessage=\"wpforms-11899-field_66_13-error\" required ><label class=\"wpforms-field-label-inline\" for=\"wpforms-11899-field_66_13\">autre langue<\/label><\/li><\/ul><\/fieldset><\/div><div id=\"wpforms-11899-field_67-container\" class=\"wpforms-field wpforms-field-textarea wpforms-conditional-field wpforms-conditional-show\" data-field-id=\"67\" style=\"display:none;\"><label class=\"wpforms-field-label\" for=\"wpforms-11899-field_67\">merci de pr\u00e9ciser <span class=\"wpforms-required-label\" aria-hidden=\"true\">*<\/span><\/label><textarea id=\"wpforms-11899-field_67\" class=\"wpforms-field-small wpforms-field-required\" name=\"wpforms[fields][67]\" aria-errormessage=\"wpforms-11899-field_67-error\" required><\/textarea><\/div><\/div><!-- .wpforms-field-container --><div class=\"wpforms-recaptcha-container wpforms-is-recaptcha wpforms-is-recaptcha-type-v3\" ><input type=\"hidden\" name=\"wpforms[recaptcha]\" value=\"\"><\/div><div class=\"wpforms-submit-container\" ><input type=\"hidden\" name=\"wpforms[id]\" value=\"11899\"><input type=\"hidden\" name=\"page_title\" value=\"\"><input type=\"hidden\" name=\"page_url\" value=\"https:\/\/effe.ch\/de\/wp-json\/wp\/v2\/pages\/11990\"><input type=\"hidden\" name=\"url_referer\" value=\"\"><button type=\"submit\" name=\"wpforms[submit]\" id=\"wpforms-submit-11899\" class=\"wpforms-submit\" data-alt-text=\"Envoi en cours ...\" data-submit-text=\"Envoyer\" aria-live=\"assertive\" value=\"wpforms-submit\">Envoyer<\/button><img decoding=\"async\" src=\"https:\/\/effe.ch\/wp-content\/plugins\/wpforms\/assets\/images\/submit-spin.svg\" class=\"wpforms-submit-spinner\" style=\"display: none;\" width=\"26\" height=\"26\" alt=\"Wird geladen\"><\/div><\/form><\/div>  <!-- .wpforms-container -->","protected":false},"excerpt":{"rendered":"","protected":false},"author":8,"featured_media":0,"parent":0,"menu_order":0,"comment_status":"closed","ping_status":"closed","template":"","meta":{"inline_featured_image":false,"footnotes":""},"class_list":["post-11990","page","type-page","status-publish","hentry"],"_links":{"self":[{"href":"https:\/\/effe.ch\/de\/wp-json\/wp\/v2\/pages\/11990","targetHints":{"allow":["GET"]}}],"collection":[{"href":"https:\/\/effe.ch\/de\/wp-json\/wp\/v2\/pages"}],"about":[{"href":"https:\/\/effe.ch\/de\/wp-json\/wp\/v2\/types\/page"}],"author":[{"embeddable":true,"href":"https:\/\/effe.ch\/de\/wp-json\/wp\/v2\/users\/8"}],"replies":[{"embeddable":true,"href":"https:\/\/effe.ch\/de\/wp-json\/wp\/v2\/comments?post=11990"}],"version-history":[{"count":1,"href":"https:\/\/effe.ch\/de\/wp-json\/wp\/v2\/pages\/11990\/revisions"}],"predecessor-version":[{"id":11991,"href":"https:\/\/effe.ch\/de\/wp-json\/wp\/v2\/pages\/11990\/revisions\/11991"}],"wp:attachment":[{"href":"https:\/\/effe.ch\/de\/wp-json\/wp\/v2\/media?parent=11990"}],"curies":[{"name":"wp","href":"https:\/\/api.w.org\/{rel}","templated":true}]}}