{"id":1899,"date":"2016-07-11T08:14:37","date_gmt":"2016-07-11T07:14:37","guid":{"rendered":"https:\/\/effe.ch\/de\/?page_id=1899"},"modified":"2023-08-17T14:47:50","modified_gmt":"2023-08-17T13:47:50","slug":"weiterbildung-list","status":"publish","type":"page","link":"https:\/\/effe.ch\/de\/weiterbildung-list\/","title":{"rendered":"Weiterbildung"},"content":{"rendered":"<div class=\"fusion-fullwidth fullwidth-box fusion-builder-row-1 hundred-percent-fullwidth non-hundred-percent-height-scrolling\" style=\"--awb-border-radius-top-left:0px;--awb-border-radius-top-right:0px;--awb-border-radius-bottom-right:0px;--awb-border-radius-bottom-left:0px;--awb-overflow:visible;--awb-flex-wrap:wrap;\" ><div class=\"fusion-builder-row fusion-row\"><div class=\"fusion-layout-column fusion_builder_column fusion-builder-column-0 fusion_builder_column_1_1 1_1 fusion-one-full fusion-column-first fusion-column-last\" style=\"--awb-bg-size:cover;\"><div class=\"fusion-column-wrapper fusion-flex-column-wrapper-legacy\"><div class=\"fusion-title title fusion-title-1 fusion-title-text fusion-title-size-one\"><h1 class=\"fusion-title-heading title-heading-left\" style=\"margin:0;\">Weiterbildung<\/h1><span class=\"awb-title-spacer\"><\/span><div class=\"title-sep-container\"><div class=\"title-sep sep-single sep-solid\" style=\"border-color:#e0dede;\"><\/div><\/div><\/div><div class=\"fusion-text fusion-text-1\"><p>effe bietet Ihnen verschiedene Weiterbildungen, welche wir Ihrem Bedarf und Ihren Zielen anpassen. Wir stellen Ihnen hier die\u00a0Angebote in den Bereichen der Kommunikation, der Interkulturalit\u00e4t und im Kompetenzenmanagement vor.<\/p>\n<\/div><div class=\"fusion-clearfix\"><\/div><\/div><\/div><div class=\"fusion-layout-column fusion_builder_column fusion-builder-column-1 fusion_builder_column_1_1 1_1 fusion-one-full fusion-column-first fusion-column-last\" style=\"--awb-bg-size:cover;\"><div class=\"fusion-column-wrapper fusion-flex-column-wrapper-legacy\"><style type=\"text\/css\">.fusion-portfolio-wrapper#fusion-portfolio-1 .fusion-portfolio-content{ padding: 25px 25px 25px 25px; text-align: left; }<\/style><div class=\"fusion-recent-works fusion-portfolio-element fusion-portfolio fusion-portfolio-1 fusion-portfolio-grid fusion-portfolio-paging-infinite fusion-portfolio-three fusion-portfolio-boxed fusion-portfolio-text fusion-portfolio-equal-heights fusion-portfolio-rollover\" data-id=\"-rw-1\" data-columns=\"three\"><style type=\"text\/css\">.fusion-portfolio-1 .fusion-portfolio-wrapper .fusion-col-spacing{padding:25px;}<\/style><div class=\"fusion-portfolio-wrapper\" id=\"fusion-portfolio-1\" data-picturesize=\"auto\" data-pages=\"1\" style=\"margin:-25px;\"><article id=\"portfolio-1-post-9526\" class=\"fusion-portfolio-post home weiterbildung fusion-col-spacing post-9526\"><div class=\"fusion-portfolio-content-wrapper\" style=\"border:none;background-color:rgba(255,255,255,1);\"><div  class=\"fusion-image-wrapper\" aria-haspopup=\"true\">\n\t\t\t\t<img decoding=\"async\" width=\"2560\" height=\"1586\" src=\"https:\/\/effe.ch\/wp-content\/uploads\/2020\/06\/Foto-Kurs-Mari-scaled.jpeg\" class=\"attachment-full size-full wp-post-image\" alt=\"\" srcset=\"https:\/\/effe.ch\/wp-content\/uploads\/2020\/06\/Foto-Kurs-Mari-200x124.jpeg 200w, https:\/\/effe.ch\/wp-content\/uploads\/2020\/06\/Foto-Kurs-Mari-400x248.jpeg 400w, https:\/\/effe.ch\/wp-content\/uploads\/2020\/06\/Foto-Kurs-Mari-600x372.jpeg 600w, https:\/\/effe.ch\/wp-content\/uploads\/2020\/06\/Foto-Kurs-Mari-800x496.jpeg 800w, https:\/\/effe.ch\/wp-content\/uploads\/2020\/06\/Foto-Kurs-Mari-1200x744.jpeg 1200w, https:\/\/effe.ch\/wp-content\/uploads\/2020\/06\/Foto-Kurs-Mari-scaled.jpeg 2560w\" sizes=\"(min-width: 2200px) 100vw, (min-width: 824px) 357px, (min-width: 732px) 535px, (min-width: 640px) 732px, \" \/><div class=\"fusion-rollover\">\n\t<div class=\"fusion-rollover-content\">\n\n\t\t\t\t\t\t\t\t\t\t\t\t\t\t<a class=\"fusion-rollover-link\" href=\"https:\/\/effe.ch\/de\/weiterbildung\/mdl\/\" target=\"_blank\">Sprache f\u00f6rdern im Alltag<\/a>\n\t\t\t\n\t\t\t\t\t\t\t\t\n\t\t\n\t\t\t\t\t\t\t\t\t\t\t\t<h4 class=\"fusion-rollover-title\">\n\t\t\t\t\t<a class=\"fusion-rollover-title-link\" href=\"https:\/\/effe.ch\/de\/weiterbildung\/mdl\/\" target=\"_blank\">\n\t\t\t\t\t\tSprache f\u00f6rdern im Alltag\t\t\t\t\t<\/a>\n\t\t\t\t<\/h4>\n\t\t\t\n\t\t\t\t\t\t\t\t\n\t\t\n\t\t\t\t\t\t<a class=\"fusion-link-wrapper\" href=\"https:\/\/effe.ch\/de\/weiterbildung\/mdl\/\" target=\"_blank\" aria-label=\"Sprache f\u00f6rdern im Alltag\"><\/a>\n\t<\/div>\n<\/div>\n<\/div>\n<div class=\"fusion-portfolio-content\" style=\"background-color:rgba(255,255,255,1);\"><h2 class=\"fusion-post-title\"><a href=\"https:\/\/effe.ch\/de\/weiterbildung\/mdl\/\" target=\"_blank\" rel=\"noopener noreferrer\">Sprache f\u00f6rdern im Alltag<\/a><\/h2><div class=\"fusion-portfolio-meta\"><a href=\"https:\/\/effe.ch\/de\/formations-category\/home\/\" rel=\"tag\">Accueil<\/a>, <a href=\"https:\/\/effe.ch\/de\/formations-category\/weiterbildung\/\" rel=\"tag\">Weiterbildung<\/a><\/div><div class=\"fusion-content-sep sep-single sep-solid\" style=\"border-color:#e0dede;\"><\/div><div class=\"fusion-post-content\"><p>  \u00abSprache f\u00f6rdern im Alltag\u00bb  In den ersten vier Jahren lernt ein Kind eine oder mehrere Sprachen. Die Weiterbildung richtet sich an p\u00e4dagogische Mitarbeitende in Kitas. Teilnehmende lernen die Meilensteine der Sprachentwicklung und <a href=\"https:\/\/effe.ch\/de\/weiterbildung\/mdl\/\"> [...]<\/a><\/p><\/div><\/div><\/div><\/article><article id=\"portfolio-1-post-1875\" class=\"fusion-portfolio-post weiterbildung fusion-col-spacing post-1875\"><div class=\"fusion-portfolio-content-wrapper\" style=\"border:none;background-color:rgba(255,255,255,1);\"><div  class=\"fusion-image-wrapper\" aria-haspopup=\"true\">\n\t\t\t\t<img decoding=\"async\" width=\"600\" height=\"400\" src=\"https:\/\/effe.ch\/wp-content\/uploads\/2016\/07\/ND50177.NEF_.p-e1688637076381.jpg\" class=\"attachment-full size-full wp-post-image\" alt=\"\" srcset=\"https:\/\/effe.ch\/wp-content\/uploads\/2016\/07\/ND50177.NEF_.p-e1688637076381-200x133.jpg 200w, https:\/\/effe.ch\/wp-content\/uploads\/2016\/07\/ND50177.NEF_.p-e1688637076381-400x267.jpg 400w, https:\/\/effe.ch\/wp-content\/uploads\/2016\/07\/ND50177.NEF_.p-e1688637076381.jpg 600w\" sizes=\"(min-width: 2200px) 100vw, (min-width: 824px) 357px, (min-width: 732px) 535px, (min-width: 640px) 732px, \" \/><div class=\"fusion-rollover\">\n\t<div class=\"fusion-rollover-content\">\n\n\t\t\t\t\t\t\t\t\t\t\t\t\t\t<a class=\"fusion-rollover-link\" href=\"https:\/\/effe.ch\/de\/weiterbildung\/interkulturelle-kommunikation\/\" target=\"_blank\">Interkulturelle Kommunikation<\/a>\n\t\t\t\n\t\t\t\t\t\t\t\t\n\t\t\n\t\t\t\t\t\t\t\t\t\t\t\t<h4 class=\"fusion-rollover-title\">\n\t\t\t\t\t<a class=\"fusion-rollover-title-link\" href=\"https:\/\/effe.ch\/de\/weiterbildung\/interkulturelle-kommunikation\/\" target=\"_blank\">\n\t\t\t\t\t\tInterkulturelle Kommunikation\t\t\t\t\t<\/a>\n\t\t\t\t<\/h4>\n\t\t\t\n\t\t\t\t\t\t\t\t\n\t\t\n\t\t\t\t\t\t<a class=\"fusion-link-wrapper\" href=\"https:\/\/effe.ch\/de\/weiterbildung\/interkulturelle-kommunikation\/\" target=\"_blank\" aria-label=\"Interkulturelle Kommunikation\"><\/a>\n\t<\/div>\n<\/div>\n<\/div>\n<div class=\"fusion-portfolio-content\" style=\"background-color:rgba(255,255,255,1);\"><h2 class=\"fusion-post-title\"><a href=\"https:\/\/effe.ch\/de\/weiterbildung\/interkulturelle-kommunikation\/\" target=\"_blank\" rel=\"noopener noreferrer\">Interkulturelle Kommunikation<\/a><\/h2><div class=\"fusion-portfolio-meta\"><a href=\"https:\/\/effe.ch\/de\/formations-category\/weiterbildung\/\" rel=\"tag\">Weiterbildung<\/a><\/div><div class=\"fusion-content-sep sep-single sep-solid\" style=\"border-color:#e0dede;\"><\/div><div class=\"fusion-post-content\"><p> Interkulturelle Kommunikation Ziel der Weiterbildung ist es, auf Schl\u00fcsselkonzepte f\u00fcr eine gelungene interkulturelle Kommunikation aufmerksam zu machen, sich seiner eigenen kulturellen Verwurzelung\u00a0bewusst zu werden und sich mich Instrumenten vertraut zu machen, die eine konstruktive <a href=\"https:\/\/effe.ch\/de\/weiterbildung\/interkulturelle-kommunikation\/\"> [...]<\/a><\/p><\/div><\/div><\/div><\/article><article id=\"portfolio-1-post-1786\" class=\"fusion-portfolio-post weiterbildung fusion-col-spacing post-1786\"><div class=\"fusion-portfolio-content-wrapper\" style=\"border:none;background-color:rgba(255,255,255,1);\"><div  class=\"fusion-image-wrapper\" aria-haspopup=\"true\">\n\t\t\t\t<img decoding=\"async\" width=\"600\" height=\"385\" src=\"https:\/\/effe.ch\/wp-content\/uploads\/2016\/04\/gestion_conflits.jpg\" class=\"attachment-full size-full wp-post-image\" alt=\"\" srcset=\"https:\/\/effe.ch\/wp-content\/uploads\/2016\/04\/gestion_conflits-200x128.jpg 200w, https:\/\/effe.ch\/wp-content\/uploads\/2016\/04\/gestion_conflits-400x257.jpg 400w, https:\/\/effe.ch\/wp-content\/uploads\/2016\/04\/gestion_conflits.jpg 600w\" sizes=\"(min-width: 2200px) 100vw, (min-width: 824px) 357px, (min-width: 732px) 535px, (min-width: 640px) 732px, \" \/><div class=\"fusion-rollover\">\n\t<div class=\"fusion-rollover-content\">\n\n\t\t\t\t\t\t\t\t\t\t\t\t\t\t<a class=\"fusion-rollover-link\" href=\"https:\/\/effe.ch\/de\/weiterbildung\/konflikt\/\" target=\"_blank\">Konfliktbearbeitung<\/a>\n\t\t\t\n\t\t\t\t\t\t\t\t\n\t\t\n\t\t\t\t\t\t\t\t\t\t\t\t<h4 class=\"fusion-rollover-title\">\n\t\t\t\t\t<a class=\"fusion-rollover-title-link\" href=\"https:\/\/effe.ch\/de\/weiterbildung\/konflikt\/\" target=\"_blank\">\n\t\t\t\t\t\tKonfliktbearbeitung\t\t\t\t\t<\/a>\n\t\t\t\t<\/h4>\n\t\t\t\n\t\t\t\t\t\t\t\t\n\t\t\n\t\t\t\t\t\t<a class=\"fusion-link-wrapper\" href=\"https:\/\/effe.ch\/de\/weiterbildung\/konflikt\/\" target=\"_blank\" aria-label=\"Konfliktbearbeitung\"><\/a>\n\t<\/div>\n<\/div>\n<\/div>\n<div class=\"fusion-portfolio-content\" style=\"background-color:rgba(255,255,255,1);\"><h2 class=\"fusion-post-title\"><a href=\"https:\/\/effe.ch\/de\/weiterbildung\/konflikt\/\" target=\"_blank\" rel=\"noopener noreferrer\">Konfliktbearbeitung<\/a><\/h2><div class=\"fusion-portfolio-meta\"><a href=\"https:\/\/effe.ch\/de\/formations-category\/weiterbildung\/\" rel=\"tag\">Weiterbildung<\/a><\/div><div class=\"fusion-content-sep sep-single sep-solid\" style=\"border-color:#e0dede;\"><\/div><div class=\"fusion-post-content\"><p> Konfliktbearbeitung  Diese Weiterbildung zeigt Ihnen Instrumente, um Konflikten vorzubeugen und\/oder aktuelle\u00a0Konflikte zu l\u00f6sen, am Arbeitsplatz wie auch privat.\u00a0Sie lernen Methoden, um Ursachen eines Konflikts besser zu verstehen, um spannungsgeladene Situationen besser zu handhaben <a href=\"https:\/\/effe.ch\/de\/weiterbildung\/konflikt\/\"> [...]<\/a><\/p><\/div><\/div><\/div><\/article><article id=\"portfolio-1-post-5126\" class=\"fusion-portfolio-post weiterbildung fusion-col-spacing post-5126\"><div class=\"fusion-portfolio-content-wrapper\" style=\"border:none;background-color:rgba(255,255,255,1);\"><div  class=\"fusion-image-wrapper\" aria-haspopup=\"true\">\n\t\t\t\t<img decoding=\"async\" width=\"600\" height=\"373\" src=\"https:\/\/effe.ch\/wp-content\/uploads\/2019\/10\/WB_FT.jpg\" class=\"attachment-full size-full wp-post-image\" alt=\"\" srcset=\"https:\/\/effe.ch\/wp-content\/uploads\/2019\/10\/WB_FT-200x124.jpg 200w, https:\/\/effe.ch\/wp-content\/uploads\/2019\/10\/WB_FT-400x249.jpg 400w, https:\/\/effe.ch\/wp-content\/uploads\/2019\/10\/WB_FT.jpg 600w\" sizes=\"(min-width: 2200px) 100vw, (min-width: 824px) 357px, (min-width: 732px) 535px, (min-width: 640px) 732px, \" \/><div class=\"fusion-rollover\">\n\t<div class=\"fusion-rollover-content\">\n\n\t\t\t\t\t\t\t\t\t\t\t\t\t\t<a class=\"fusion-rollover-link\" href=\"https:\/\/effe.ch\/de\/weiterbildung\/weiterbildungen-zu-themen-der-integration\/\">Weiterbildungen zu Themen der Integration<\/a>\n\t\t\t\n\t\t\t\t\t\t\t\t\n\t\t\n\t\t\t\t\t\t\t\t\t\t\t\t<h4 class=\"fusion-rollover-title\">\n\t\t\t\t\t<a class=\"fusion-rollover-title-link\" href=\"https:\/\/effe.ch\/de\/weiterbildung\/weiterbildungen-zu-themen-der-integration\/\">\n\t\t\t\t\t\tWeiterbildungen zu Themen der Integration\t\t\t\t\t<\/a>\n\t\t\t\t<\/h4>\n\t\t\t\n\t\t\t\t\t\t\t\t\n\t\t\n\t\t\t\t\t\t<a class=\"fusion-link-wrapper\" href=\"https:\/\/effe.ch\/de\/weiterbildung\/weiterbildungen-zu-themen-der-integration\/\" aria-label=\"Weiterbildungen zu Themen der Integration\"><\/a>\n\t<\/div>\n<\/div>\n<\/div>\n<div class=\"fusion-portfolio-content\" style=\"background-color:rgba(255,255,255,1);\"><h2 class=\"fusion-post-title\"><a href=\"https:\/\/effe.ch\/de\/weiterbildung\/weiterbildungen-zu-themen-der-integration\/\">Weiterbildungen zu Themen der Integration<\/a><\/h2><div class=\"fusion-portfolio-meta\"><a href=\"https:\/\/effe.ch\/de\/formations-category\/weiterbildung\/\" rel=\"tag\">Weiterbildung<\/a><\/div><div class=\"fusion-content-sep sep-single sep-solid\" style=\"border-color:#e0dede;\"><\/div><div class=\"fusion-post-content\"><p>  Weiterbildungsangebot des Integrationsprogrammes Femmes-Tische  Das Weiterbildungsangebot zu Themen im Bereich Gesundheit, Erziehung und Leben in der Schweiz orientiert sich an der Nachfrage der Femmes-Tische-Moderatorinnen und ihrem Zielpublikum sowie den von der Stadt <a href=\"https:\/\/effe.ch\/de\/weiterbildung\/weiterbildungen-zu-themen-der-integration\/\"> [...]<\/a><\/p><\/div><\/div><\/div><\/article><article id=\"portfolio-1-post-10544\" class=\"fusion-portfolio-post coaching-und-begleitung weiterbildung fusion-col-spacing post-10544\"><div class=\"fusion-portfolio-content-wrapper\" style=\"border:none;background-color:rgba(255,255,255,1);\"><div  class=\"fusion-image-wrapper\" aria-haspopup=\"true\">\n\t\t\t\t<img decoding=\"async\" width=\"1200\" height=\"890\" src=\"https:\/\/effe.ch\/wp-content\/uploads\/2020\/04\/fd5798b7-d5c6-7b41-42e8-a81a7f874f3c-e1736430072481.jpg\" class=\"attachment-full size-full wp-post-image\" alt=\"\" \/><div class=\"fusion-rollover\">\n\t<div class=\"fusion-rollover-content\">\n\n\t\t\t\t\t\t\t\t\t\t\t\t\t\t<a class=\"fusion-rollover-link\" href=\"https:\/\/effe.ch\/de\/weiterbildung\/coaching-mm\/\">Coaching mit der Methode Marte Meo<\/a>\n\t\t\t\n\t\t\t\t\t\t\t\t\n\t\t\n\t\t\t\t\t\t\t\t\t\t\t\t<h4 class=\"fusion-rollover-title\">\n\t\t\t\t\t<a class=\"fusion-rollover-title-link\" href=\"https:\/\/effe.ch\/de\/weiterbildung\/coaching-mm\/\">\n\t\t\t\t\t\tCoaching mit der Methode Marte Meo\t\t\t\t\t<\/a>\n\t\t\t\t<\/h4>\n\t\t\t\n\t\t\t\t\t\t\t\t\n\t\t\n\t\t\t\t\t\t<a class=\"fusion-link-wrapper\" href=\"https:\/\/effe.ch\/de\/weiterbildung\/coaching-mm\/\" aria-label=\"Coaching mit der Methode Marte Meo\"><\/a>\n\t<\/div>\n<\/div>\n<\/div>\n<div class=\"fusion-portfolio-content\" style=\"background-color:rgba(255,255,255,1);\"><h2 class=\"fusion-post-title\"><a href=\"https:\/\/effe.ch\/de\/weiterbildung\/coaching-mm\/\">Coaching mit der Methode Marte Meo<\/a><\/h2><div class=\"fusion-portfolio-meta\"><a href=\"https:\/\/effe.ch\/de\/formations-category\/coaching-und-begleitung\/\" rel=\"tag\">Coaching &amp; Begleitung<\/a>, <a href=\"https:\/\/effe.ch\/de\/formations-category\/weiterbildung\/\" rel=\"tag\">Weiterbildung<\/a><\/div><div class=\"fusion-content-sep sep-single sep-solid\" style=\"border-color:#e0dede;\"><\/div><div class=\"fusion-post-content\"><p>  Coaching mit \u00abMarte Meo\u00bb zum Umgang mit herausfordernden Situationen mit Kindern  Marte Meo bedeutet \u00abaus eigener Kraft\u00bb und ist eine Methode, welche Interaktion und Kommunikation unterst\u00fctzt. Sie eignet sich im Umgang mit <a href=\"https:\/\/effe.ch\/de\/weiterbildung\/coaching-mm\/\"> [...]<\/a><\/p><\/div><\/div><\/div><\/article><article id=\"portfolio-1-post-1647\" class=\"fusion-portfolio-post home weiterbildung bilanz zertifizierungsschulung fusion-col-spacing post-1647\"><div class=\"fusion-portfolio-content-wrapper\" style=\"border:none;background-color:rgba(255,255,255,1);\"><div  class=\"fusion-image-wrapper\" aria-haspopup=\"true\">\n\t\t\t\t<img decoding=\"async\" width=\"600\" height=\"385\" src=\"https:\/\/effe.ch\/wp-content\/uploads\/2016\/03\/15.jpg\" class=\"attachment-full size-full wp-post-image\" alt=\"\" \/><div class=\"fusion-rollover\">\n\t<div class=\"fusion-rollover-content\">\n\n\t\t\t\t\t\t\t\t\t\t\t\t\t\t<a class=\"fusion-rollover-link\" href=\"https:\/\/effe.ch\/de\/weiterbildung\/fab\/\" target=\"_blank\">FAB &#8211; Ausbildung zur Fachperson Bilanz-Portfolio der Kompetenzen effe<\/a>\n\t\t\t\n\t\t\t\t\t\t\t\t\n\t\t\n\t\t\t\t\t\t\t\t\t\t\t\t<h4 class=\"fusion-rollover-title\">\n\t\t\t\t\t<a class=\"fusion-rollover-title-link\" href=\"https:\/\/effe.ch\/de\/weiterbildung\/fab\/\" target=\"_blank\">\n\t\t\t\t\t\tFAB &#8211; Ausbildung zur Fachperson Bilanz-Portfolio der Kompetenzen effe\t\t\t\t\t<\/a>\n\t\t\t\t<\/h4>\n\t\t\t\n\t\t\t\t\t\t\t\t\n\t\t\n\t\t\t\t\t\t<a class=\"fusion-link-wrapper\" href=\"https:\/\/effe.ch\/de\/weiterbildung\/fab\/\" target=\"_blank\" aria-label=\"FAB &#8211; Ausbildung zur Fachperson Bilanz-Portfolio der Kompetenzen effe\"><\/a>\n\t<\/div>\n<\/div>\n<\/div>\n<div class=\"fusion-portfolio-content\" style=\"background-color:rgba(255,255,255,1);\"><h2 class=\"fusion-post-title\"><a href=\"https:\/\/effe.ch\/de\/weiterbildung\/fab\/\" target=\"_blank\" rel=\"noopener noreferrer\">FAB &#8211; Ausbildung zur Fachperson Bilanz-Portfolio der Kompetenzen effe<\/a><\/h2><div class=\"fusion-portfolio-meta\"><a href=\"https:\/\/effe.ch\/de\/formations-category\/home\/\" rel=\"tag\">Accueil<\/a>, <a href=\"https:\/\/effe.ch\/de\/formations-category\/weiterbildung\/\" rel=\"tag\">Weiterbildung<\/a>, <a href=\"https:\/\/effe.ch\/de\/formations-category\/bilanz\/\" rel=\"tag\">Bilanz-Portfolio<\/a>, <a href=\"https:\/\/effe.ch\/de\/formations-category\/zertifizierungsschulung\/\" rel=\"tag\">Zertifizierungsschulung<\/a><\/div><div class=\"fusion-content-sep sep-single sep-solid\" style=\"border-color:#e0dede;\"><\/div><div class=\"fusion-post-content\"><p>  Ausbildung zur Fachperson Bilanz-Portfolio der Kompetenzen effe  effe bietet die Ausbildung, welche von der ARRA (Association pour la Reconnaissance des Acquis) anerkannt ist, seit 1998 an. Die Ausbildung zur Fachperson Bilanz-Portfolio der <a href=\"https:\/\/effe.ch\/de\/weiterbildung\/fab\/\"> [...]<\/a><\/p><\/div><\/div><\/div><\/article><article id=\"portfolio-1-post-1141\" class=\"fusion-portfolio-post weiterbildung fusion-col-spacing post-1141\"><div class=\"fusion-portfolio-content-wrapper\" style=\"border:none;background-color:rgba(255,255,255,1);\"><div  class=\"fusion-image-wrapper\" aria-haspopup=\"true\">\n\t\t\t\t<img decoding=\"async\" width=\"600\" height=\"385\" src=\"https:\/\/effe.ch\/wp-content\/uploads\/2016\/04\/28.jpg\" class=\"attachment-full size-full wp-post-image\" alt=\"\" \/><div class=\"fusion-rollover\">\n\t<div class=\"fusion-rollover-content\">\n\n\t\t\t\t\t\t\t\t\t\t\t\t\t\t<a class=\"fusion-rollover-link\" href=\"https:\/\/effe.ch\/de\/weiterbildung\/schluessel-fuer-eine-effektive-kommunikation\/\" target=\"_blank\">Schl\u00fcssel zu einer effektiven Kommunikation<\/a>\n\t\t\t\n\t\t\t\t\t\t\t\t\n\t\t\n\t\t\t\t\t\t\t\t\t\t\t\t<h4 class=\"fusion-rollover-title\">\n\t\t\t\t\t<a class=\"fusion-rollover-title-link\" href=\"https:\/\/effe.ch\/de\/weiterbildung\/schluessel-fuer-eine-effektive-kommunikation\/\" target=\"_blank\">\n\t\t\t\t\t\tSchl\u00fcssel zu einer effektiven Kommunikation\t\t\t\t\t<\/a>\n\t\t\t\t<\/h4>\n\t\t\t\n\t\t\t\t\t\t\t\t\n\t\t\n\t\t\t\t\t\t<a class=\"fusion-link-wrapper\" href=\"https:\/\/effe.ch\/de\/weiterbildung\/schluessel-fuer-eine-effektive-kommunikation\/\" target=\"_blank\" aria-label=\"Schl\u00fcssel zu einer effektiven Kommunikation\"><\/a>\n\t<\/div>\n<\/div>\n<\/div>\n<div class=\"fusion-portfolio-content\" style=\"background-color:rgba(255,255,255,1);\"><h2 class=\"fusion-post-title\"><a href=\"https:\/\/effe.ch\/de\/weiterbildung\/schluessel-fuer-eine-effektive-kommunikation\/\" target=\"_blank\" rel=\"noopener noreferrer\">Schl\u00fcssel zu einer effektiven Kommunikation<\/a><\/h2><div class=\"fusion-portfolio-meta\"><a href=\"https:\/\/effe.ch\/de\/formations-category\/weiterbildung\/\" rel=\"tag\">Weiterbildung<\/a><\/div><div class=\"fusion-content-sep sep-single sep-solid\" style=\"border-color:#e0dede;\"><\/div><div class=\"fusion-post-content\"><p> Schl\u00fcssel zu einer effektiven Kommunikation Diese zweit\u00e4tige Weiterbildung vermittelt Ihnen sowohl Werkzeuge, um die Grundmechanismen in der Kommunikation zu entschl\u00fcsseln, wie auch einige einfache und konkrete Kommunikationstechniken, um den eigenen Kommunikationsstil zu verbessern und <a href=\"https:\/\/effe.ch\/de\/weiterbildung\/schluessel-fuer-eine-effektive-kommunikation\/\"> [...]<\/a><\/p><\/div><\/div><\/div><\/article><article id=\"portfolio-1-post-1928\" class=\"fusion-portfolio-post weiterbildung fusion-col-spacing post-1928\"><div class=\"fusion-portfolio-content-wrapper\" style=\"border:none;background-color:rgba(255,255,255,1);\"><div  class=\"fusion-image-wrapper\" aria-haspopup=\"true\">\n\t\t\t\t<img decoding=\"async\" width=\"600\" height=\"386\" src=\"https:\/\/effe.ch\/wp-content\/uploads\/2016\/06\/feedback.jpg\" class=\"attachment-full size-full wp-post-image\" alt=\"\" srcset=\"https:\/\/effe.ch\/wp-content\/uploads\/2016\/06\/feedback-200x129.jpg 200w, https:\/\/effe.ch\/wp-content\/uploads\/2016\/06\/feedback-400x257.jpg 400w, https:\/\/effe.ch\/wp-content\/uploads\/2016\/06\/feedback.jpg 600w\" sizes=\"(min-width: 2200px) 100vw, (min-width: 824px) 357px, (min-width: 732px) 535px, (min-width: 640px) 732px, \" \/><div class=\"fusion-rollover\">\n\t<div class=\"fusion-rollover-content\">\n\n\t\t\t\t\t\t\t\t\t\t\t\t\t\t<a class=\"fusion-rollover-link\" href=\"https:\/\/effe.ch\/de\/weiterbildung\/die-kunst-des-feedbacks\/\" target=\"_blank\">Die Kunst des Feedbacks<\/a>\n\t\t\t\n\t\t\t\t\t\t\t\t\n\t\t\n\t\t\t\t\t\t\t\t\t\t\t\t<h4 class=\"fusion-rollover-title\">\n\t\t\t\t\t<a class=\"fusion-rollover-title-link\" href=\"https:\/\/effe.ch\/de\/weiterbildung\/die-kunst-des-feedbacks\/\" target=\"_blank\">\n\t\t\t\t\t\tDie Kunst des Feedbacks\t\t\t\t\t<\/a>\n\t\t\t\t<\/h4>\n\t\t\t\n\t\t\t\t\t\t\t\t\n\t\t\n\t\t\t\t\t\t<a class=\"fusion-link-wrapper\" href=\"https:\/\/effe.ch\/de\/weiterbildung\/die-kunst-des-feedbacks\/\" target=\"_blank\" aria-label=\"Die Kunst des Feedbacks\"><\/a>\n\t<\/div>\n<\/div>\n<\/div>\n<div class=\"fusion-portfolio-content\" style=\"background-color:rgba(255,255,255,1);\"><h2 class=\"fusion-post-title\"><a href=\"https:\/\/effe.ch\/de\/weiterbildung\/die-kunst-des-feedbacks\/\" target=\"_blank\" rel=\"noopener noreferrer\">Die Kunst des Feedbacks<\/a><\/h2><div class=\"fusion-portfolio-meta\"><a href=\"https:\/\/effe.ch\/de\/formations-category\/weiterbildung\/\" rel=\"tag\">Weiterbildung<\/a><\/div><div class=\"fusion-content-sep sep-single sep-solid\" style=\"border-color:#e0dede;\"><\/div><div class=\"fusion-post-content\"><p>Die Kunst des Feedbacks Diese Weiterbildung bietet\u00a0Ihnen Instrumente, welche\u00a0die Qualit\u00e4t Ihrer R\u00fcckmeldungen thematisieren und Ihnen so Wege zu einer\u00a0klaren und konstruktiven Kommunikation mit unter anderem Ihrem Team verhelfen. Flyer Feedback    <\/p><\/div><\/div><\/div><\/article><article id=\"portfolio-1-post-6172\" class=\"fusion-portfolio-post coaching-und-begleitung weiterbildung fusion-col-spacing post-6172\"><div class=\"fusion-portfolio-content-wrapper\" style=\"border:none;background-color:rgba(255,255,255,1);\"><div  class=\"fusion-image-wrapper\" aria-haspopup=\"true\">\n\t\t\t\t<img decoding=\"async\" width=\"600\" height=\"385\" src=\"https:\/\/effe.ch\/wp-content\/uploads\/2016\/04\/21.jpg\" class=\"attachment-full size-full wp-post-image\" alt=\"\" \/><div class=\"fusion-rollover\">\n\t<div class=\"fusion-rollover-content\">\n\n\t\t\t\t\t\t\t\t\t\t\t\t\t\t<a class=\"fusion-rollover-link\" href=\"https:\/\/effe.ch\/de\/weiterbildung\/coaching-individuell\/\">Coaching und Begleitung individuell<\/a>\n\t\t\t\n\t\t\t\t\t\t\t\t\n\t\t\n\t\t\t\t\t\t\t\t\t\t\t\t<h4 class=\"fusion-rollover-title\">\n\t\t\t\t\t<a class=\"fusion-rollover-title-link\" href=\"https:\/\/effe.ch\/de\/weiterbildung\/coaching-individuell\/\">\n\t\t\t\t\t\tCoaching und Begleitung individuell\t\t\t\t\t<\/a>\n\t\t\t\t<\/h4>\n\t\t\t\n\t\t\t\t\t\t\t\t\n\t\t\n\t\t\t\t\t\t<a class=\"fusion-link-wrapper\" href=\"https:\/\/effe.ch\/de\/weiterbildung\/coaching-individuell\/\" aria-label=\"Coaching und Begleitung individuell\"><\/a>\n\t<\/div>\n<\/div>\n<\/div>\n<div class=\"fusion-portfolio-content\" style=\"background-color:rgba(255,255,255,1);\"><h2 class=\"fusion-post-title\"><a href=\"https:\/\/effe.ch\/de\/weiterbildung\/coaching-individuell\/\">Coaching und Begleitung individuell<\/a><\/h2><div class=\"fusion-portfolio-meta\"><a href=\"https:\/\/effe.ch\/de\/formations-category\/coaching-und-begleitung\/\" rel=\"tag\">Coaching &amp; Begleitung<\/a>, <a href=\"https:\/\/effe.ch\/de\/formations-category\/weiterbildung\/\" rel=\"tag\">Weiterbildung<\/a><\/div><div class=\"fusion-content-sep sep-single sep-solid\" style=\"border-color:#e0dede;\"><\/div><div class=\"fusion-post-content\"><p>  Coaching und Begleitung individuell  Professionelle Begleitung einer Person, um die Situation zu kl\u00e4ren und Optionen zu finden, die den Werten und Motivationen der Person, ihren potenziellen F\u00e4higkeiten und ihrem Kontext entsprechen. Bei <a href=\"https:\/\/effe.ch\/de\/weiterbildung\/coaching-individuell\/\"> [...]<\/a><\/p><\/div><\/div><\/div><\/article><\/div><\/div><div class=\"fusion-clearfix\"><\/div><\/div><\/div><\/div><\/div>\n","protected":false},"excerpt":{"rendered":"","protected":false},"author":3,"featured_media":0,"parent":0,"menu_order":0,"comment_status":"closed","ping_status":"closed","template":"","meta":{"inline_featured_image":false,"footnotes":""},"class_list":["post-1899","page","type-page","status-publish","hentry"],"_links":{"self":[{"href":"https:\/\/effe.ch\/de\/wp-json\/wp\/v2\/pages\/1899","targetHints":{"allow":["GET"]}}],"collection":[{"href":"https:\/\/effe.ch\/de\/wp-json\/wp\/v2\/pages"}],"about":[{"href":"https:\/\/effe.ch\/de\/wp-json\/wp\/v2\/types\/page"}],"author":[{"embeddable":true,"href":"https:\/\/effe.ch\/de\/wp-json\/wp\/v2\/users\/3"}],"replies":[{"embeddable":true,"href":"https:\/\/effe.ch\/de\/wp-json\/wp\/v2\/comments?post=1899"}],"version-history":[{"count":0,"href":"https:\/\/effe.ch\/de\/wp-json\/wp\/v2\/pages\/1899\/revisions"}],"wp:attachment":[{"href":"https:\/\/effe.ch\/de\/wp-json\/wp\/v2\/media?parent=1899"}],"curies":[{"name":"wp","href":"https:\/\/api.w.org\/{rel}","templated":true}]}}