{"id":4398,"date":"2019-09-06T11:42:41","date_gmt":"2019-09-06T10:42:41","guid":{"rendered":"https:\/\/effe.ch\/?page_id=4398"},"modified":"2025-11-03T09:35:07","modified_gmt":"2025-11-03T08:35:07","slug":"portraet","status":"publish","type":"page","link":"https:\/\/effe.ch\/de\/portraet\/portraet\/","title":{"rendered":"Portr\u00e4t und Vorstand"},"content":{"rendered":"<div class=\"fusion-fullwidth fullwidth-box fusion-builder-row-1 hundred-percent-fullwidth non-hundred-percent-height-scrolling\" style=\"--awb-border-radius-top-left:0px;--awb-border-radius-top-right:0px;--awb-border-radius-bottom-right:0px;--awb-border-radius-bottom-left:0px;--awb-overflow:visible;--awb-flex-wrap:wrap;\" ><div class=\"fusion-builder-row fusion-row\"><div class=\"fusion-layout-column fusion_builder_column fusion-builder-column-0 fusion_builder_column_1_1 1_1 fusion-one-full fusion-column-first fusion-column-last\" style=\"--awb-bg-size:cover;\"><div class=\"fusion-column-wrapper fusion-flex-column-wrapper-legacy\"><div class=\"fusion-title title fusion-title-1 fusion-title-text fusion-title-size-one\"><h1 class=\"fusion-title-heading title-heading-left\" style=\"margin:0;\">Portr\u00e4t und Vorstand<\/h1><span class=\"awb-title-spacer\"><\/span><div class=\"title-sep-container\"><div class=\"title-sep sep-single sep-solid\" style=\"border-color:#e0dede;\"><\/div><\/div><\/div><div class=\"fusion-text fusion-text-1\"><p>effe ist eine Fachstelle f\u00fcr Erwachsenen- und Elternbildung, gegr\u00fcndet im Jahr 1993. Die interdisziplin\u00e4re und multikulturelle Equipe hat sich auf die Aus- und Weiterbildung u.a. f\u00fcr AusbildnerInnen spezialisiert, auch in den Bereichen Integration\/Migration.<\/p>\n<p>Die Kurse und Weiterbildungen von effe werden f\u00fcr jede Institution oder Gruppe individuell angepasst und gehen davon aus, dass methodische Schulung mit pers\u00f6nlicher Entwicklung einhergeht.<\/p>\n<\/div><div class=\"fusion-image-element in-legacy-container\" style=\"--awb-caption-title-font-family:var(--h2_typography-font-family);--awb-caption-title-font-weight:var(--h2_typography-font-weight);--awb-caption-title-font-style:var(--h2_typography-font-style);--awb-caption-title-size:var(--h2_typography-font-size);--awb-caption-title-transform:var(--h2_typography-text-transform);--awb-caption-title-line-height:var(--h2_typography-line-height);--awb-caption-title-letter-spacing:var(--h2_typography-letter-spacing);\"><span class=\" fusion-imageframe imageframe-none imageframe-1 hover-type-none\"><img decoding=\"async\" width=\"1024\" height=\"768\" title=\"Organigramme_effe_2025_DE\" src=\"https:\/\/effe.ch\/wp-content\/uploads\/2025\/09\/Organigramme_effe_2025_DE-1024x768.jpg\" alt class=\"img-responsive wp-image-12189\" srcset=\"https:\/\/effe.ch\/wp-content\/uploads\/2025\/09\/Organigramme_effe_2025_DE-200x150.jpg 200w, https:\/\/effe.ch\/wp-content\/uploads\/2025\/09\/Organigramme_effe_2025_DE-400x300.jpg 400w, https:\/\/effe.ch\/wp-content\/uploads\/2025\/09\/Organigramme_effe_2025_DE-600x450.jpg 600w, https:\/\/effe.ch\/wp-content\/uploads\/2025\/09\/Organigramme_effe_2025_DE-800x600.jpg 800w, https:\/\/effe.ch\/wp-content\/uploads\/2025\/09\/Organigramme_effe_2025_DE-1200x900.jpg 1200w, https:\/\/effe.ch\/wp-content\/uploads\/2025\/09\/Organigramme_effe_2025_DE.jpg 1600w\" sizes=\"(max-width: 800px) 100vw, 1200px\" \/><\/span><\/div><div class=\"fusion-title title fusion-title-2 fusion-title-text fusion-title-size-one\"><h1 class=\"fusion-title-heading title-heading-left\" style=\"margin:0;\">Identit\u00e4t<\/h1><span class=\"awb-title-spacer\"><\/span><div class=\"title-sep-container\"><div class=\"title-sep sep-single sep-solid\" style=\"border-color:#e0dede;\"><\/div><\/div><\/div><div class=\"fusion-text fusion-text-2\"><ol style=\"font-weight: 400;\">\n<li><strong><em>effe<\/em><\/strong> ist eine Institution, gegr\u00fcndet 1993, bestehend aus einem interdisziplin\u00e4ren Team verschiedener Bildungsexpert\u00b7inn\u00b7en.<\/li>\n<\/ol>\n<ol style=\"font-weight: 400;\">\n<li><strong><em>effe<\/em><\/strong> stellt den Menschen ins Zentrum der Angebote, unterst\u00fctzt die Entwicklung seiner Autonomie und engagiert sich so, abgest\u00fctzt auf den Multiplikationsgedanken, f\u00fcr mehr Chancengleichheit.<\/li>\n<li><strong><em>effe<\/em><\/strong> schult und begleitet (angehende) Fach- und Schl\u00fcsselpersonen in der Entwicklung ihrer Kompetenzen und in der Anerkennung des Potentials ihres Zielpublikums.<\/li>\n<\/ol>\n<\/div><div class=\"fusion-clearfix\"><\/div><\/div><\/div><div class=\"fusion-layout-column fusion_builder_column fusion-builder-column-1 fusion_builder_column_1_1 1_1 fusion-one-full fusion-column-first fusion-column-last fusion-column-no-min-height\" style=\"--awb-bg-size:cover;--awb-margin-bottom:0px;\"><div class=\"fusion-column-wrapper fusion-flex-column-wrapper-legacy\"><div class=\"fusion-sep-clear\"><\/div><div class=\"fusion-separator fusion-full-width-sep\" style=\"margin-left: auto;margin-right: auto;margin-top:15px;margin-bottom:15px;width:100%;\"><\/div><div class=\"fusion-sep-clear\"><\/div><div class=\"fusion-title title fusion-title-3 fusion-title-text fusion-title-size-one\"><h1 class=\"fusion-title-heading title-heading-left\" style=\"margin:0;\">Vorstand<\/h1><span class=\"awb-title-spacer\"><\/span><div class=\"title-sep-container\"><div class=\"title-sep sep-single sep-solid\" style=\"border-color:#e0dede;\"><\/div><\/div><\/div><div class=\"fusion-text fusion-text-3\"><p>Der Vorstand setzt sich aus mindestens 5 Mitgliedern zusammen und konstituiert sich selbst. Die Mitglieder sind f\u00fcr drei Jahre gew\u00e4hlt und sind wiederw\u00e4hlbar. Ein Mitglied des Teams nimmt Einsitz.<\/p>\n<p>Die Mitglieder des Vorstands sind:<\/p>\n<\/div><div class=\"fusion-clearfix\"><\/div><\/div><\/div><div class=\"fusion-layout-column fusion_builder_column fusion-builder-column-2 fusion_builder_column_1_1 1_1 fusion-one-full fusion-column-first fusion-column-last fusion-column-no-min-height\" style=\"--awb-bg-size:cover;--awb-margin-bottom:0px;\"><div class=\"fusion-column-wrapper fusion-flex-column-wrapper-legacy\"><ul style=\"--awb-size:13px;--awb-line-height:22.1px;--awb-icon-width:22.1px;--awb-icon-height:22.1px;--awb-icon-margin:9.1px;--awb-content-margin:31.2px;--awb-circlecolor:#e14545;--awb-circle-yes-font-size:11.44px;\" class=\"fusion-checklist fusion-checklist-1 fusion-checklist-default type-icons\"><li class=\"fusion-li-item\" style=\"\"><span class=\"icon-wrapper circle-yes\"><i class=\"fusion-li-icon fa-check fas\" aria-hidden=\"true\"><\/i><\/span><div class=\"fusion-li-item-content\">\n<p>Cynthia Dunning,\u00a0Vorsitzende<\/p>\n<\/div><\/li><li class=\"fusion-li-item\" style=\"\"><span class=\"icon-wrapper circle-yes\"><i class=\"fusion-li-icon fa-check fas\" aria-hidden=\"true\"><\/i><\/span><div class=\"fusion-li-item-content\">\n<p>Laurence B\u00fcrgi, stellvertretende Vorsitzende<\/p>\n<\/div><\/li><li class=\"fusion-li-item\" style=\"\"><span class=\"icon-wrapper circle-yes\"><i class=\"fusion-li-icon fa-check fas\" aria-hidden=\"true\"><\/i><\/span><div class=\"fusion-li-item-content\">\n<p>Kady Boly, Vorstandsmitglied<\/p>\n<\/div><\/li><li class=\"fusion-li-item\" style=\"\"><span class=\"icon-wrapper circle-yes\"><i class=\"fusion-li-icon fa-check fas\" aria-hidden=\"true\"><\/i><\/span><div class=\"fusion-li-item-content\">\n<p>Luc Victot, Vorstandsmitglied<\/p>\n<\/div><\/li><\/ul><div class=\"fusion-clearfix\"><\/div><\/div><\/div><\/div><\/div>\n","protected":false},"excerpt":{"rendered":"","protected":false},"author":3,"featured_media":12192,"parent":4412,"menu_order":0,"comment_status":"closed","ping_status":"closed","template":"","meta":{"inline_featured_image":false,"footnotes":""},"class_list":["post-4398","page","type-page","status-publish","has-post-thumbnail","hentry"],"_links":{"self":[{"href":"https:\/\/effe.ch\/de\/wp-json\/wp\/v2\/pages\/4398","targetHints":{"allow":["GET"]}}],"collection":[{"href":"https:\/\/effe.ch\/de\/wp-json\/wp\/v2\/pages"}],"about":[{"href":"https:\/\/effe.ch\/de\/wp-json\/wp\/v2\/types\/page"}],"author":[{"embeddable":true,"href":"https:\/\/effe.ch\/de\/wp-json\/wp\/v2\/users\/3"}],"replies":[{"embeddable":true,"href":"https:\/\/effe.ch\/de\/wp-json\/wp\/v2\/comments?post=4398"}],"version-history":[{"count":9,"href":"https:\/\/effe.ch\/de\/wp-json\/wp\/v2\/pages\/4398\/revisions"}],"predecessor-version":[{"id":12303,"href":"https:\/\/effe.ch\/de\/wp-json\/wp\/v2\/pages\/4398\/revisions\/12303"}],"up":[{"embeddable":true,"href":"https:\/\/effe.ch\/de\/wp-json\/wp\/v2\/pages\/4412"}],"wp:featuredmedia":[{"embeddable":true,"href":"https:\/\/effe.ch\/de\/wp-json\/wp\/v2\/media\/12192"}],"wp:attachment":[{"href":"https:\/\/effe.ch\/de\/wp-json\/wp\/v2\/media?parent=4398"}],"curies":[{"name":"wp","href":"https:\/\/api.w.org\/{rel}","templated":true}]}}