{"id":8798,"date":"2022-12-27T12:06:28","date_gmt":"2022-12-27T11:06:28","guid":{"rendered":"https:\/\/effe.ch\/?page_id=8798"},"modified":"2023-02-15T11:19:30","modified_gmt":"2023-02-15T10:19:30","slug":"raumvermietung-2","status":"publish","type":"page","link":"https:\/\/effe.ch\/de\/portraet\/raumvermietung-2\/","title":{"rendered":"Raumvermietung"},"content":{"rendered":"<p><div class=\"fusion-fullwidth fullwidth-box fusion-builder-row-1 nonhundred-percent-fullwidth non-hundred-percent-height-scrolling\" style=\"--awb-background-position:left top;--awb-border-radius-top-left:0px;--awb-border-radius-top-right:0px;--awb-border-radius-bottom-right:0px;--awb-border-radius-bottom-left:0px;--awb-padding-top:0px;--awb-padding-bottom:0px;--awb-border-sizes-top:0px;--awb-border-sizes-bottom:0px;--awb-flex-wrap:wrap;\" ><div class=\"fusion-builder-row fusion-row\"><div class=\"fusion-layout-column fusion_builder_column fusion-builder-column-0 fusion_builder_column_1_1 1_1 fusion-one-full fusion-column-first fusion-column-last\" style=\"--awb-bg-size:cover;--awb-margin-bottom:0px;\"><div class=\"fusion-column-wrapper fusion-flex-column-wrapper-legacy\"><div class=\"fusion-title title fusion-title-1 fusion-title-text fusion-title-size-two\"><h2 class=\"fusion-title-heading title-heading-left\" style=\"margin:0;\">Raumvermietung<\/h2><span class=\"awb-title-spacer\"><\/span><div class=\"title-sep-container\"><div class=\"title-sep sep-single sep-solid\" style=\"border-color:#e0dede;\"><\/div><\/div><\/div><ul style=\"--awb-line-height:23.8px;--awb-icon-width:23.8px;--awb-icon-height:23.8px;--awb-icon-margin:9.8px;--awb-content-margin:33.6px;--awb-circlecolor:#e14545;--awb-circle-yes-font-size:12.32px;\" class=\"fusion-checklist fusion-checklist-1 fusion-checklist-default type-icons\"><li class=\"fusion-li-item\" style=\"\"><span class=\"icon-wrapper circle-yes\"><i class=\"fusion-li-icon awb-icon-check\" aria-hidden=\"true\"><\/i><\/span><div class=\"fusion-li-item-content\">\n<p>Suchen Sie einen Saal zum mieten in Biel\/Bienne?<\/p>\n<p>F\u00fcr eine Stunde, einen Halbtag oder einen ganzen Tag?<\/p>\n<p>Schauen Sie sich unsere <a href=\"https:\/\/effe.ch\/wp-content\/uploads\/2022\/12\/Mietbedingungen_effe-1.pdf\">Mietbedingungen<\/a> an.<\/p>\n<\/div><\/li><\/ul><div class=\"fusion-sep-clear\"><\/div><div class=\"fusion-separator fusion-full-width-sep\" style=\"margin-left: auto;margin-right: auto;width:100%;\"><div class=\"fusion-separator-border sep-single\" style=\"--awb-height:20px;--awb-amount:20px;border-color:#e0dede;border-top-width:1px;\"><\/div><\/div><div class=\"fusion-sep-clear\"><\/div><div class=\"fusion-clearfix\"><\/div><\/div><\/div><\/div><\/div><div class=\"fusion-fullwidth fullwidth-box fusion-builder-row-2 nonhundred-percent-fullwidth non-hundred-percent-height-scrolling\" style=\"--awb-background-position:left top;--awb-border-radius-top-left:0px;--awb-border-radius-top-right:0px;--awb-border-radius-bottom-right:0px;--awb-border-radius-bottom-left:0px;--awb-padding-top:20px;--awb-padding-bottom:20px;--awb-border-sizes-top:0px;--awb-border-sizes-bottom:0px;--awb-flex-wrap:wrap;\" ><div class=\"fusion-builder-row fusion-row\"><div class=\"fusion-layout-column fusion_builder_column fusion-builder-column-1 fusion_builder_column_1_1 1_1 fusion-one-full fusion-column-first fusion-column-last fusion-column-no-min-height\" style=\"--awb-bg-size:cover;--awb-margin-bottom:0px;\"><div class=\"fusion-column-wrapper fusion-flex-column-wrapper-legacy\"><div class=\"fusion-title title fusion-title-2 fusion-title-text fusion-title-size-two\"><h2 class=\"fusion-title-heading title-heading-left\" style=\"margin:0;\">Gemeinsame Nutzung von R\u00e4umlichkeiten<\/h2><span class=\"awb-title-spacer\"><\/span><div class=\"title-sep-container\"><div class=\"title-sep sep-single sep-solid\" style=\"border-color:#e0dede;\"><\/div><\/div><\/div><ul style=\"--awb-line-height:23.8px;--awb-icon-width:23.8px;--awb-icon-height:23.8px;--awb-icon-margin:9.8px;--awb-content-margin:33.6px;--awb-circlecolor:#e14545;--awb-circle-yes-font-size:12.32px;\" class=\"fusion-checklist fusion-checklist-2 fusion-checklist-default type-icons\"><li class=\"fusion-li-item\" style=\"\"><span class=\"icon-wrapper circle-yes\"><i class=\"fusion-li-icon awb-icon-check\" aria-hidden=\"true\"><\/i><\/span><div class=\"fusion-li-item-content\">\n<p>&#8211; Sie suchen einen Ort, an dem Sie Ihre berufliche T\u00e4tigkeit aus\u00fcben k\u00f6nnen,<br \/>\n&#8211; Sie arbeiten in den Bereichen Training, Coaching, Soziales oder Kultur<br \/>\n&#8211; und teilen die Werte von effe?<br \/>\nSehen Sie sich unsere Angebote zur gemeinsamen Nutzung unserer R\u00e4umlichkeiten an:<br \/>\n<a href=\"https:\/\/effe.ch\/wp-content\/uploads\/2023\/02\/Nutzung_Raeume_effe_2023.pdf\">Nutzung_R\u00e4ume_effe_2023<\/a><\/p>\n<\/div><\/li><\/ul><div class=\"fusion-clearfix\"><\/div><\/div><\/div><\/div><\/div><div class=\"fusion-fullwidth fullwidth-box fusion-builder-row-3 hundred-percent-fullwidth non-hundred-percent-height-scrolling\" style=\"--awb-background-position:left top;--awb-border-radius-top-left:0px;--awb-border-radius-top-right:0px;--awb-border-radius-bottom-right:0px;--awb-border-radius-bottom-left:0px;--awb-padding-top:20px;--awb-padding-right:30px;--awb-padding-bottom:20px;--awb-padding-left:30px;--awb-border-sizes-top:0px;--awb-border-sizes-bottom:0px;--awb-flex-wrap:wrap;\" ><div class=\"fusion-builder-row fusion-row\"><div class=\"fusion-layout-column fusion_builder_column fusion-builder-column-2 fusion_builder_column_1_2 1_2 fusion-one-half fusion-column-first\" style=\"--awb-padding-right:20px;--awb-padding-left:20px;--awb-bg-size:cover;\"><div class=\"fusion-column-wrapper fusion-column-has-shadow fusion-flex-column-wrapper-legacy\"><div class=\"fusion-column-content-centered\"><div class=\"fusion-column-content\"><div class=\"fusion-image-element fusion-image-align-center in-legacy-container\" style=\"text-align:center;--awb-caption-title-font-family:var(--h2_typography-font-family);--awb-caption-title-font-weight:var(--h2_typography-font-weight);--awb-caption-title-font-style:var(--h2_typography-font-style);--awb-caption-title-size:var(--h2_typography-font-size);--awb-caption-title-transform:var(--h2_typography-text-transform);--awb-caption-title-line-height:var(--h2_typography-line-height);--awb-caption-title-letter-spacing:var(--h2_typography-letter-spacing);\"><div class=\"imageframe-align-center\"><span class=\" fusion-imageframe imageframe-none imageframe-1 hover-type-none fusion-animated\" data-animationType=\"fadeIn\" data-animationDuration=\"0.3\" data-animationOffset=\"top-into-view\"><a href=\"https:\/\/effe.ch\/wp-content\/uploads\/2018\/10\/Salle-1-1-1024x768.jpg\" class=\"fusion-lightbox\" data-rel=\"iLightbox[0ea692162898560e040]\" data-title=\"Salle 1\" title=\"Salle 1\"><img decoding=\"async\" width=\"1024\" height=\"768\" src=\"https:\/\/effe.ch\/wp-content\/uploads\/2018\/10\/Salle-1-1-1024x768.jpg\" alt class=\"img-responsive wp-image-3483\" srcset=\"https:\/\/effe.ch\/wp-content\/uploads\/2018\/10\/Salle-1-1-200x150.jpg 200w, https:\/\/effe.ch\/wp-content\/uploads\/2018\/10\/Salle-1-1-400x300.jpg 400w, https:\/\/effe.ch\/wp-content\/uploads\/2018\/10\/Salle-1-1-600x450.jpg 600w, https:\/\/effe.ch\/wp-content\/uploads\/2018\/10\/Salle-1-1-800x600.jpg 800w, https:\/\/effe.ch\/wp-content\/uploads\/2018\/10\/Salle-1-1-1200x900.jpg 1200w\" sizes=\"(max-width: 800px) 100vw, 600px\" \/><\/a><\/span><\/div><\/div><div class=\"fusion-sep-clear\"><\/div><div class=\"fusion-separator fusion-full-width-sep\" style=\"margin-left: auto;margin-right: auto;margin-top:20px;margin-bottom:20px;width:100%;\"><\/div><div class=\"fusion-sep-clear\"><\/div><div class=\"fusion-text fusion-text-1\"><p style=\"text-align: center;\">Raum 1<\/p>\n<p style=\"text-align: center;\">F\u00fcr 10-14 Personen<\/p>\n<p style=\"text-align: center;\">Flipchart und Pinnwand stehen zur Verf\u00fcgung<\/p>\n<\/div><\/div><\/div><div class=\"fusion-clearfix\"><\/div><\/div><\/div><div class=\"fusion-layout-column fusion_builder_column fusion-builder-column-3 fusion_builder_column_1_2 1_2 fusion-one-half fusion-column-last\" style=\"--awb-padding-right:20px;--awb-padding-left:20px;--awb-bg-size:cover;\"><div class=\"fusion-column-wrapper fusion-column-has-shadow fusion-flex-column-wrapper-legacy\"><div class=\"fusion-image-element fusion-image-align-center in-legacy-container\" style=\"text-align:center;--awb-caption-title-font-family:var(--h2_typography-font-family);--awb-caption-title-font-weight:var(--h2_typography-font-weight);--awb-caption-title-font-style:var(--h2_typography-font-style);--awb-caption-title-size:var(--h2_typography-font-size);--awb-caption-title-transform:var(--h2_typography-text-transform);--awb-caption-title-line-height:var(--h2_typography-line-height);--awb-caption-title-letter-spacing:var(--h2_typography-letter-spacing);\"><div class=\"imageframe-align-center\"><span class=\" fusion-imageframe imageframe-none imageframe-2 hover-type-none fusion-animated\" data-animationType=\"fadeIn\" data-animationDuration=\"0.3\" data-animationOffset=\"top-into-view\"><a href=\"https:\/\/effe.ch\/wp-content\/uploads\/2018\/10\/Salle-2-1-300x225.jpg\" class=\"fusion-lightbox\" data-rel=\"iLightbox[7a4d32899716bcf5803]\" data-title=\"Salle 2\" title=\"PetiteSalleFormation_effe4_LeonoreGuy2022\"><img decoding=\"async\" width=\"1024\" height=\"576\" alt=\"Salle 2\" src=\"https:\/\/effe.ch\/wp-content\/uploads\/2022\/12\/PetiteSalleFormation_effe4_LeonoreGuy2022-1024x576.jpg\" class=\"img-responsive wp-image-8792\" srcset=\"https:\/\/effe.ch\/wp-content\/uploads\/2022\/12\/PetiteSalleFormation_effe4_LeonoreGuy2022-200x113.jpg 200w, https:\/\/effe.ch\/wp-content\/uploads\/2022\/12\/PetiteSalleFormation_effe4_LeonoreGuy2022-400x225.jpg 400w, https:\/\/effe.ch\/wp-content\/uploads\/2022\/12\/PetiteSalleFormation_effe4_LeonoreGuy2022-600x338.jpg 600w, https:\/\/effe.ch\/wp-content\/uploads\/2022\/12\/PetiteSalleFormation_effe4_LeonoreGuy2022-800x450.jpg 800w, https:\/\/effe.ch\/wp-content\/uploads\/2022\/12\/PetiteSalleFormation_effe4_LeonoreGuy2022-1200x675.jpg 1200w\" sizes=\"(max-width: 800px) 100vw, 600px\" \/><\/a><\/span><\/div><\/div><div class=\"fusion-sep-clear\"><\/div><div class=\"fusion-separator fusion-full-width-sep\" style=\"margin-left: auto;margin-right: auto;margin-top:20px;margin-bottom:20px;width:100%;\"><\/div><div class=\"fusion-sep-clear\"><\/div><div class=\"fusion-text fusion-text-2\"><p style=\"text-align: center;\">Raum 2<\/p>\n<p style=\"text-align: center;\">F\u00fcr 8-10 Personen<\/p>\n<p style=\"text-align: center;\">Flipchart und Pinnwand stehen zur Verf\u00fcgung<\/p>\n<\/div><div class=\"fusion-clearfix\"><\/div><\/div><\/div><\/div><\/div><\/p>\n","protected":false},"excerpt":{"rendered":"","protected":false},"author":3,"featured_media":0,"parent":4412,"menu_order":0,"comment_status":"closed","ping_status":"closed","template":"100-width.php","meta":{"inline_featured_image":false,"footnotes":""},"class_list":["post-8798","page","type-page","status-publish","hentry"],"_links":{"self":[{"href":"https:\/\/effe.ch\/de\/wp-json\/wp\/v2\/pages\/8798","targetHints":{"allow":["GET"]}}],"collection":[{"href":"https:\/\/effe.ch\/de\/wp-json\/wp\/v2\/pages"}],"about":[{"href":"https:\/\/effe.ch\/de\/wp-json\/wp\/v2\/types\/page"}],"author":[{"embeddable":true,"href":"https:\/\/effe.ch\/de\/wp-json\/wp\/v2\/users\/3"}],"replies":[{"embeddable":true,"href":"https:\/\/effe.ch\/de\/wp-json\/wp\/v2\/comments?post=8798"}],"version-history":[{"count":0,"href":"https:\/\/effe.ch\/de\/wp-json\/wp\/v2\/pages\/8798\/revisions"}],"up":[{"embeddable":true,"href":"https:\/\/effe.ch\/de\/wp-json\/wp\/v2\/pages\/4412"}],"wp:attachment":[{"href":"https:\/\/effe.ch\/de\/wp-json\/wp\/v2\/media?parent=8798"}],"curies":[{"name":"wp","href":"https:\/\/api.w.org\/{rel}","templated":true}]}}