{"id":9707,"date":"2023-11-16T15:24:17","date_gmt":"2023-11-16T14:24:17","guid":{"rendered":"https:\/\/effe.ch\/30-jahre\/"},"modified":"2025-01-29T10:22:03","modified_gmt":"2025-01-29T09:22:03","slug":"medien","status":"publish","type":"page","link":"https:\/\/effe.ch\/de\/medien\/","title":{"rendered":"Medien"},"content":{"rendered":"<p><div class=\"fusion-fullwidth fullwidth-box fusion-builder-row-1 fusion-flex-container nonhundred-percent-fullwidth non-hundred-percent-height-scrolling\" style=\"--awb-border-radius-top-left:0px;--awb-border-radius-top-right:0px;--awb-border-radius-bottom-right:0px;--awb-border-radius-bottom-left:0px;--awb-flex-wrap:wrap;\" ><div class=\"fusion-builder-row fusion-row fusion-flex-align-items-flex-start fusion-flex-content-wrap\" style=\"max-width:1216.8px;margin-left: calc(-4% \/ 2 );margin-right: calc(-4% \/ 2 );\"><div class=\"fusion-layout-column fusion_builder_column fusion-builder-column-0 fusion_builder_column_2_5 2_5 fusion-flex-column\" style=\"--awb-bg-size:cover;--awb-width-large:40%;--awb-margin-top-large:0px;--awb-spacing-right-large:3.84%;--awb-margin-bottom-large:0px;--awb-spacing-left-large:4.8%;--awb-width-medium:100%;--awb-spacing-right-medium:1.92%;--awb-spacing-left-medium:1.92%;--awb-width-small:100%;--awb-spacing-right-small:1.92%;--awb-spacing-left-small:1.92%;\"><div class=\"fusion-column-wrapper fusion-flex-justify-content-flex-start fusion-content-layout-column\"><div class=\"fusion-image-element \" style=\"--awb-caption-title-font-family:var(--h2_typography-font-family);--awb-caption-title-font-weight:var(--h2_typography-font-weight);--awb-caption-title-font-style:var(--h2_typography-font-style);--awb-caption-title-size:var(--h2_typography-font-size);--awb-caption-title-transform:var(--h2_typography-text-transform);--awb-caption-title-line-height:var(--h2_typography-line-height);--awb-caption-title-letter-spacing:var(--h2_typography-letter-spacing);\"><span class=\" fusion-imageframe imageframe-none imageframe-1 hover-type-none\"><img decoding=\"async\" width=\"1024\" height=\"683\" title=\"film 1\" src=\"https:\/\/effe.ch\/wp-content\/uploads\/2023\/12\/film-1-1024x683.jpg\" alt class=\"img-responsive wp-image-9759\" srcset=\"https:\/\/effe.ch\/wp-content\/uploads\/2023\/12\/film-1-200x133.jpg 200w, https:\/\/effe.ch\/wp-content\/uploads\/2023\/12\/film-1-400x267.jpg 400w, https:\/\/effe.ch\/wp-content\/uploads\/2023\/12\/film-1-600x400.jpg 600w, https:\/\/effe.ch\/wp-content\/uploads\/2023\/12\/film-1-800x533.jpg 800w, https:\/\/effe.ch\/wp-content\/uploads\/2023\/12\/film-1-1200x800.jpg 1200w\" sizes=\"(max-width: 1024px) 100vw, (max-width: 640px) 100vw, 600px\" \/><\/span><\/div><div class=\"fusion-separator fusion-full-width-sep\" style=\"align-self: center;margin-left: auto;margin-right: auto;margin-top:20px;margin-bottom:20px;width:100%;\"><div class=\"fusion-separator-border sep-single\" style=\"--awb-height:20px;--awb-amount:20px;border-color:#e0dede;border-top-width:1px;\"><\/div><\/div><\/div><\/div><div class=\"fusion-layout-column fusion_builder_column fusion-builder-column-1 fusion_builder_column_3_5 3_5 fusion-flex-column\" style=\"--awb-bg-size:cover;--awb-width-large:60%;--awb-margin-top-large:0px;--awb-spacing-right-large:3.2%;--awb-margin-bottom-large:0px;--awb-spacing-left-large:3.84%;--awb-width-medium:100%;--awb-spacing-right-medium:1.92%;--awb-spacing-left-medium:1.92%;--awb-width-small:100%;--awb-spacing-right-small:1.92%;--awb-spacing-left-small:1.92%;\"><div class=\"fusion-column-wrapper fusion-flex-justify-content-flex-start fusion-content-layout-column\"><div class=\"fusion-text fusion-text-1\"><p><img decoding=\"async\" class=\"alignnone wp-image-9713 aligncenter\" src=\"https:\/\/effe.ch\/wp-content\/uploads\/2023\/11\/effe_30_jahre.png\" alt=\"\" width=\"599\" height=\"100\" srcset=\"https:\/\/effe.ch\/wp-content\/uploads\/2023\/11\/effe_30_jahre-200x33.png 200w, https:\/\/effe.ch\/wp-content\/uploads\/2023\/11\/effe_30_jahre-300x50.png 300w, https:\/\/effe.ch\/wp-content\/uploads\/2023\/11\/effe_30_jahre-350x58.png 350w, https:\/\/effe.ch\/wp-content\/uploads\/2023\/11\/effe_30_jahre-400x67.png 400w, https:\/\/effe.ch\/wp-content\/uploads\/2023\/11\/effe_30_jahre-500x84.png 500w, https:\/\/effe.ch\/wp-content\/uploads\/2023\/11\/effe_30_jahre-600x100.png 600w, https:\/\/effe.ch\/wp-content\/uploads\/2023\/11\/effe_30_jahre-768x128.png 768w, https:\/\/effe.ch\/wp-content\/uploads\/2023\/11\/effe_30_jahre-800x134.png 800w, https:\/\/effe.ch\/wp-content\/uploads\/2023\/11\/effe_30_jahre.png 850w\" sizes=\"(max-width: 599px) 100vw, 599px\" \/><\/p>\n<p style=\"text-align: center;\">Zu diesem Anlass haben wir einen Film kreiert, ein Fest gefeiert und verschiedene Interviews in Radio und Fernsehen gef\u00fchrt. Anbei haben wir Interviews und Presseartikel f\u00fcr Sie zusammengestellt.<\/p>\n<p style=\"text-align: center;\"><strong>effe Film 2023, Realisation: Dave Schnell<\/strong><br \/>\n<a href=\"https:\/\/vimeo.com\/880914709\" target=\"_blank\" rel=\"noopener\">https:\/\/vimeo.com\/880914709<\/a><\/p>\n<\/div><\/div><\/div><\/div><\/div><div class=\"fusion-fullwidth fullwidth-box fusion-builder-row-2 fusion-flex-container nonhundred-percent-fullwidth non-hundred-percent-height-scrolling\" style=\"--awb-border-radius-top-left:0px;--awb-border-radius-top-right:0px;--awb-border-radius-bottom-right:0px;--awb-border-radius-bottom-left:0px;--awb-flex-wrap:wrap;\" ><div class=\"fusion-builder-row fusion-row fusion-flex-align-items-flex-start fusion-flex-content-wrap\" style=\"max-width:1216.8px;margin-left: calc(-4% \/ 2 );margin-right: calc(-4% \/ 2 );\"><div class=\"fusion-layout-column fusion_builder_column fusion-builder-column-2 fusion_builder_column_2_5 2_5 fusion-flex-column\" style=\"--awb-bg-size:cover;--awb-width-large:40%;--awb-margin-top-large:0px;--awb-spacing-right-large:3.84%;--awb-margin-bottom-large:0px;--awb-spacing-left-large:4.8%;--awb-width-medium:100%;--awb-spacing-right-medium:1.92%;--awb-spacing-left-medium:1.92%;--awb-width-small:100%;--awb-spacing-right-small:1.92%;--awb-spacing-left-small:1.92%;\"><div class=\"fusion-column-wrapper fusion-flex-justify-content-flex-start fusion-content-layout-column\"><div class=\"fusion-image-element \" style=\"--awb-caption-title-font-family:var(--h2_typography-font-family);--awb-caption-title-font-weight:var(--h2_typography-font-weight);--awb-caption-title-font-style:var(--h2_typography-font-style);--awb-caption-title-size:var(--h2_typography-font-size);--awb-caption-title-transform:var(--h2_typography-text-transform);--awb-caption-title-line-height:var(--h2_typography-line-height);--awb-caption-title-letter-spacing:var(--h2_typography-letter-spacing);\"><span class=\" fusion-imageframe imageframe-none imageframe-2 hover-type-none\"><a class=\"fusion-no-lightbox\" href=\"https:\/\/web.telebielingue.ch\/de\/sendungen\/interview\/2023-11-08\" target=\"_blank\" aria-label=\"Foto Tele a\" rel=\"noopener noreferrer\"><img decoding=\"async\" width=\"1024\" height=\"700\" src=\"https:\/\/effe.ch\/wp-content\/uploads\/2023\/12\/Foto-Tele-a-1024x700.jpg\" alt class=\"img-responsive wp-image-9813\" srcset=\"https:\/\/effe.ch\/wp-content\/uploads\/2023\/12\/Foto-Tele-a-200x137.jpg 200w, https:\/\/effe.ch\/wp-content\/uploads\/2023\/12\/Foto-Tele-a-400x274.jpg 400w, https:\/\/effe.ch\/wp-content\/uploads\/2023\/12\/Foto-Tele-a-600x410.jpg 600w, https:\/\/effe.ch\/wp-content\/uploads\/2023\/12\/Foto-Tele-a-800x547.jpg 800w, https:\/\/effe.ch\/wp-content\/uploads\/2023\/12\/Foto-Tele-a-1200x821.jpg 1200w\" sizes=\"(max-width: 1024px) 100vw, (max-width: 640px) 100vw, 600px\" \/><\/a><\/span><\/div><div class=\"fusion-separator fusion-full-width-sep\" style=\"align-self: center;margin-left: auto;margin-right: auto;margin-top:20px;margin-bottom:20px;width:100%;\"><div class=\"fusion-separator-border sep-single\" style=\"--awb-height:20px;--awb-amount:20px;border-color:#e0dede;border-top-width:1px;\"><\/div><\/div><div class=\"fusion-image-element \" style=\"--awb-caption-title-font-family:var(--h2_typography-font-family);--awb-caption-title-font-weight:var(--h2_typography-font-weight);--awb-caption-title-font-style:var(--h2_typography-font-style);--awb-caption-title-size:var(--h2_typography-font-size);--awb-caption-title-transform:var(--h2_typography-text-transform);--awb-caption-title-line-height:var(--h2_typography-line-height);--awb-caption-title-letter-spacing:var(--h2_typography-letter-spacing);\"><span class=\" fusion-imageframe imageframe-none imageframe-3 hover-type-none\"><a class=\"fusion-no-lightbox\" href=\"https:\/\/web.telebielingue.ch\/fr\/emissions\/interview\/2023-11-08\" target=\"_blank\" aria-label=\"photo tele 2\" rel=\"noopener noreferrer\"><img decoding=\"async\" width=\"1024\" height=\"508\" src=\"https:\/\/effe.ch\/wp-content\/uploads\/2023\/12\/photo-tele-2-1024x508.jpg\" alt class=\"img-responsive wp-image-9778\" srcset=\"https:\/\/effe.ch\/wp-content\/uploads\/2023\/12\/photo-tele-2-200x99.jpg 200w, https:\/\/effe.ch\/wp-content\/uploads\/2023\/12\/photo-tele-2-400x199.jpg 400w, https:\/\/effe.ch\/wp-content\/uploads\/2023\/12\/photo-tele-2-600x298.jpg 600w, https:\/\/effe.ch\/wp-content\/uploads\/2023\/12\/photo-tele-2-800x397.jpg 800w, https:\/\/effe.ch\/wp-content\/uploads\/2023\/12\/photo-tele-2-1200x596.jpg 1200w\" sizes=\"(max-width: 1024px) 100vw, (max-width: 640px) 100vw, 600px\" \/><\/a><\/span><\/div><div class=\"fusion-separator fusion-full-width-sep\" style=\"align-self: center;margin-left: auto;margin-right: auto;margin-top:30px;margin-bottom:30px;width:100%;\"><div class=\"fusion-separator-border sep-single\" style=\"--awb-height:20px;--awb-amount:20px;border-color:#e0dede;border-top-width:1px;\"><\/div><\/div><\/div><\/div><div class=\"fusion-layout-column fusion_builder_column fusion-builder-column-3 fusion_builder_column_3_5 3_5 fusion-flex-column\" style=\"--awb-bg-size:cover;--awb-width-large:60%;--awb-margin-top-large:0px;--awb-spacing-right-large:3.2%;--awb-margin-bottom-large:0px;--awb-spacing-left-large:3.84%;--awb-width-medium:100%;--awb-spacing-right-medium:1.92%;--awb-spacing-left-medium:1.92%;--awb-width-small:100%;--awb-spacing-right-small:1.92%;--awb-spacing-left-small:1.92%;\"><div class=\"fusion-column-wrapper fusion-flex-justify-content-flex-start fusion-content-layout-column\"><div class=\"fusion-title title fusion-title-1 fusion-title-text fusion-title-size-three\"><div class=\"title-sep-container title-sep-container-left fusion-no-large-visibility fusion-no-medium-visibility fusion-no-small-visibility\"><div class=\"title-sep sep-single sep-solid\" style=\"border-color:#e0dede;\"><\/div><\/div><span class=\"awb-title-spacer fusion-no-large-visibility fusion-no-medium-visibility fusion-no-small-visibility\"><\/span><h3 class=\"fusion-title-heading title-heading-left\" style=\"margin:0;\"><p style=\"text-align: center;\">Einige Pressebeitr\u00e4ge<\/p><\/h3><span class=\"awb-title-spacer\"><\/span><div class=\"title-sep-container title-sep-container-right\"><div class=\"title-sep sep-single sep-solid\" style=\"border-color:#e0dede;\"><\/div><\/div><\/div><div class=\"fusion-text fusion-text-2\"><p style=\"text-align: center;\"><a href=\"https:\/\/web.telebielingue.ch\/de\/sendungen\/interview\/2023-11-08\"><strong>Interview T\u00e9lebielingue<\/strong><\/a><\/p>\n<p style=\"text-align: center;\"><strong>Interview im Bieler Tagblatt<br \/>\n<\/strong><a href=\"https:\/\/effe.ch\/wp-content\/uploads\/2023\/12\/Jubile-Bieler-Tagblatt.pdf\">Jubil\u00e4um im Bieler Tagblatt<\/a><\/p>\n<\/div><div class=\"fusion-separator fusion-full-width-sep\" style=\"align-self: center;margin-left: auto;margin-right: auto;margin-top:20px;margin-bottom:20px;width:100%;\"><div class=\"fusion-separator-border sep-single\" style=\"--awb-height:20px;--awb-amount:20px;border-color:#e0dede;border-top-width:1px;\"><\/div><\/div><div class=\"fusion-text fusion-text-3\"><p style=\"text-align: center;\"><a href=\"https:\/\/web.telebielingue.ch\/fr\/emissions\/interview\/2023-11-08\"><strong>Interview \u00e0 T\u00e9l\u00e9bielingue<\/strong><\/a><\/p>\n<p style=\"text-align: center;\"><a href=\"https:\/\/www.rjb.ch\/rjb\/Actualite\/Region\/20231101-30-ans-de-service-pour-l-association-effe.html\"><strong>Interview avec RJB<\/strong><\/a><\/p>\n<p style=\"text-align: center;\"><a href=\"https:\/\/effe.ch\/wp-content\/uploads\/2023\/11\/PAGE-92003.pdf\"><strong>Portrait dans le Journal de Jura<\/strong><\/a><\/p>\n<\/div><div class=\"fusion-separator fusion-full-width-sep\" style=\"align-self: center;margin-left: auto;margin-right: auto;margin-top:20px;margin-bottom:20px;width:100%;\"><div class=\"fusion-separator-border sep-single\" style=\"--awb-height:20px;--awb-amount:20px;border-color:#e0dede;border-top-width:1px;\"><\/div><\/div><\/div><\/div><div class=\"fusion-layout-column fusion_builder_column fusion-builder-column-4 fusion_builder_column_1_1 1_1 fusion-flex-column\" style=\"--awb-bg-size:cover;--awb-width-large:100%;--awb-margin-top-large:0px;--awb-spacing-right-large:1.92%;--awb-margin-bottom-large:20px;--awb-spacing-left-large:1.92%;--awb-width-medium:100%;--awb-order-medium:0;--awb-spacing-right-medium:1.92%;--awb-spacing-left-medium:1.92%;--awb-width-small:100%;--awb-order-small:0;--awb-spacing-right-small:1.92%;--awb-spacing-left-small:1.92%;\"><div class=\"fusion-column-wrapper fusion-column-has-shadow fusion-flex-justify-content-flex-start fusion-content-layout-column\"><div class=\"awb-gallery-wrapper awb-gallery-wrapper-1 button-span-no\" style=\"--more-btn-alignment:center;\"><div style=\"margin:-5px;--awb-bordersize:0px;\" class=\"fusion-gallery fusion-gallery-container fusion-grid-3 fusion-columns-total-6 fusion-gallery-layout-grid fusion-gallery-1\"><div style=\"padding:5px;\" class=\"fusion-grid-column fusion-gallery-column fusion-gallery-column-3 hover-type-none\"><div class=\"fusion-gallery-image\"><a href=\"https:\/\/effe.ch\/wp-content\/uploads\/2023\/12\/mthe-scaled-e1701945587302.jpg\" rel=\"noreferrer\" data-rel=\"iLightbox[gallery_image_1]\" class=\"fusion-lightbox\" target=\"_self\"><img decoding=\"async\" src=\"https:\/\/effe.ch\/wp-content\/uploads\/2023\/12\/mthe-scaled-e1701945587302.jpg\" width=\"1457\" height=\"1171\" alt=\"\" title=\"mthe\" aria-label=\"mthe\" class=\"img-responsive wp-image-9775\" srcset=\"https:\/\/effe.ch\/wp-content\/uploads\/2023\/12\/mthe-scaled-e1701945587302-200x161.jpg 200w, https:\/\/effe.ch\/wp-content\/uploads\/2023\/12\/mthe-scaled-e1701945587302-400x321.jpg 400w, https:\/\/effe.ch\/wp-content\/uploads\/2023\/12\/mthe-scaled-e1701945587302-600x482.jpg 600w, https:\/\/effe.ch\/wp-content\/uploads\/2023\/12\/mthe-scaled-e1701945587302-800x643.jpg 800w, https:\/\/effe.ch\/wp-content\/uploads\/2023\/12\/mthe-scaled-e1701945587302-1200x964.jpg 1200w, https:\/\/effe.ch\/wp-content\/uploads\/2023\/12\/mthe-scaled-e1701945587302.jpg 1457w\" sizes=\"(min-width: 2200px) 100vw, (min-width: 824px) 387px, (min-width: 732px) 580px, (min-width: 640px) 732px, \" \/><\/a><\/div><\/div><div style=\"padding:5px;\" class=\"fusion-grid-column fusion-gallery-column fusion-gallery-column-3 hover-type-none\"><div class=\"fusion-gallery-image\"><a href=\"https:\/\/effe.ch\/wp-content\/uploads\/2023\/12\/glenda-scaled-e1701944806864.jpg\" rel=\"noreferrer\" data-rel=\"iLightbox[gallery_image_1]\" class=\"fusion-lightbox\" target=\"_self\"><img decoding=\"async\" src=\"https:\/\/effe.ch\/wp-content\/uploads\/2023\/12\/glenda-scaled-e1701944806864.jpg\" width=\"1945\" height=\"1501\" alt=\"\" title=\"glenda\" aria-label=\"glenda\" class=\"img-responsive wp-image-9771\" srcset=\"https:\/\/effe.ch\/wp-content\/uploads\/2023\/12\/glenda-scaled-e1701944806864-200x154.jpg 200w, https:\/\/effe.ch\/wp-content\/uploads\/2023\/12\/glenda-scaled-e1701944806864-400x309.jpg 400w, https:\/\/effe.ch\/wp-content\/uploads\/2023\/12\/glenda-scaled-e1701944806864-600x463.jpg 600w, https:\/\/effe.ch\/wp-content\/uploads\/2023\/12\/glenda-scaled-e1701944806864-800x617.jpg 800w, https:\/\/effe.ch\/wp-content\/uploads\/2023\/12\/glenda-scaled-e1701944806864-1200x926.jpg 1200w, https:\/\/effe.ch\/wp-content\/uploads\/2023\/12\/glenda-scaled-e1701944806864.jpg 1945w\" sizes=\"(min-width: 2200px) 100vw, (min-width: 824px) 387px, (min-width: 732px) 580px, (min-width: 640px) 732px, \" \/><\/a><\/div><\/div><div style=\"padding:5px;\" class=\"fusion-grid-column fusion-gallery-column fusion-gallery-column-3 hover-type-none\"><div class=\"fusion-gallery-image\"><a href=\"https:\/\/effe.ch\/wp-content\/uploads\/2023\/12\/equipe-et-comite-scaled.jpg\" rel=\"noreferrer\" data-rel=\"iLightbox[gallery_image_1]\" class=\"fusion-lightbox\" target=\"_self\"><img decoding=\"async\" src=\"https:\/\/effe.ch\/wp-content\/uploads\/2023\/12\/equipe-et-comite-scaled.jpg\" width=\"2560\" height=\"1707\" alt=\"\" title=\"equipe et comite\" aria-label=\"equipe et comite\" class=\"img-responsive wp-image-9767\" srcset=\"https:\/\/effe.ch\/wp-content\/uploads\/2023\/12\/equipe-et-comite-200x133.jpg 200w, https:\/\/effe.ch\/wp-content\/uploads\/2023\/12\/equipe-et-comite-400x267.jpg 400w, https:\/\/effe.ch\/wp-content\/uploads\/2023\/12\/equipe-et-comite-600x400.jpg 600w, https:\/\/effe.ch\/wp-content\/uploads\/2023\/12\/equipe-et-comite-800x533.jpg 800w, https:\/\/effe.ch\/wp-content\/uploads\/2023\/12\/equipe-et-comite-1200x800.jpg 1200w, https:\/\/effe.ch\/wp-content\/uploads\/2023\/12\/equipe-et-comite-scaled.jpg 2560w\" sizes=\"(min-width: 2200px) 100vw, (min-width: 824px) 387px, (min-width: 732px) 580px, (min-width: 640px) 732px, \" \/><\/a><\/div><\/div><div class=\"clearfix\"><\/div><div style=\"padding:5px;\" class=\"fusion-grid-column fusion-gallery-column fusion-gallery-column-3 hover-type-none\"><div class=\"fusion-gallery-image\"><a href=\"https:\/\/effe.ch\/wp-content\/uploads\/2023\/12\/equipe-et-anciennes-1-scaled-e1701944894391.jpg\" rel=\"noreferrer\" data-rel=\"iLightbox[gallery_image_1]\" class=\"fusion-lightbox\" target=\"_self\"><img decoding=\"async\" src=\"https:\/\/effe.ch\/wp-content\/uploads\/2023\/12\/equipe-et-anciennes-1-scaled-e1701944894391.jpg\" width=\"1851\" height=\"1320\" alt=\"\" title=\"equipe et anciennes\" aria-label=\"equipe et anciennes\" class=\"img-responsive wp-image-9765\" srcset=\"https:\/\/effe.ch\/wp-content\/uploads\/2023\/12\/equipe-et-anciennes-1-scaled-e1701944894391-200x143.jpg 200w, https:\/\/effe.ch\/wp-content\/uploads\/2023\/12\/equipe-et-anciennes-1-scaled-e1701944894391-400x285.jpg 400w, https:\/\/effe.ch\/wp-content\/uploads\/2023\/12\/equipe-et-anciennes-1-scaled-e1701944894391-600x428.jpg 600w, https:\/\/effe.ch\/wp-content\/uploads\/2023\/12\/equipe-et-anciennes-1-scaled-e1701944894391-800x571.jpg 800w, https:\/\/effe.ch\/wp-content\/uploads\/2023\/12\/equipe-et-anciennes-1-scaled-e1701944894391-1200x856.jpg 1200w, https:\/\/effe.ch\/wp-content\/uploads\/2023\/12\/equipe-et-anciennes-1-scaled-e1701944894391.jpg 1851w\" sizes=\"(min-width: 2200px) 100vw, (min-width: 824px) 387px, (min-width: 732px) 580px, (min-width: 640px) 732px, \" \/><\/a><\/div><\/div><div style=\"padding:5px;\" class=\"fusion-grid-column fusion-gallery-column fusion-gallery-column-3 hover-type-none\"><div class=\"fusion-gallery-image\"><a href=\"https:\/\/effe.ch\/wp-content\/uploads\/2023\/12\/anciennne-equipe.heic\" rel=\"noreferrer\" data-rel=\"iLightbox[gallery_image_1]\" class=\"fusion-lightbox\" target=\"_self\"><img decoding=\"async\" src=\"https:\/\/effe.ch\/wp-content\/uploads\/2023\/12\/anciennne-equipe.heic\" width=\"\" height=\"\" alt=\"\" title=\"anciennne equipe\" aria-label=\"anciennne equipe\" class=\"img-responsive wp-image-9822\"  \/><\/a><\/div><\/div><div style=\"padding:5px;\" class=\"fusion-grid-column fusion-gallery-column fusion-gallery-column-3 hover-type-none\"><div class=\"fusion-gallery-image\"><a href=\"https:\/\/effe.ch\/wp-content\/uploads\/2023\/12\/barbara-scaled.jpg\" rel=\"noreferrer\" data-rel=\"iLightbox[gallery_image_1]\" class=\"fusion-lightbox\" target=\"_self\"><img decoding=\"async\" src=\"https:\/\/effe.ch\/wp-content\/uploads\/2023\/12\/barbara-scaled.jpg\" width=\"2560\" height=\"1707\" alt=\"\" title=\"barbara\" aria-label=\"barbara\" class=\"img-responsive wp-image-9825\" srcset=\"https:\/\/effe.ch\/wp-content\/uploads\/2023\/12\/barbara-200x133.jpg 200w, https:\/\/effe.ch\/wp-content\/uploads\/2023\/12\/barbara-400x267.jpg 400w, https:\/\/effe.ch\/wp-content\/uploads\/2023\/12\/barbara-600x400.jpg 600w, https:\/\/effe.ch\/wp-content\/uploads\/2023\/12\/barbara-800x533.jpg 800w, https:\/\/effe.ch\/wp-content\/uploads\/2023\/12\/barbara-1200x800.jpg 1200w, https:\/\/effe.ch\/wp-content\/uploads\/2023\/12\/barbara-scaled.jpg 2560w\" sizes=\"(min-width: 2200px) 100vw, (min-width: 824px) 387px, (min-width: 732px) 580px, (min-width: 640px) 732px, \" \/><\/a><\/div><\/div><div class=\"clearfix\"><\/div><\/div><\/div><\/div><\/div><\/div><\/div><div class=\"fusion-fullwidth fullwidth-box fusion-builder-row-3 fusion-flex-container nonhundred-percent-fullwidth non-hundred-percent-height-scrolling\" style=\"--awb-border-radius-top-left:0px;--awb-border-radius-top-right:0px;--awb-border-radius-bottom-right:0px;--awb-border-radius-bottom-left:0px;--awb-flex-wrap:wrap;\" ><div class=\"fusion-builder-row fusion-row fusion-flex-align-items-flex-start fusion-flex-content-wrap\" style=\"max-width:1216.8px;margin-left: calc(-4% \/ 2 );margin-right: calc(-4% \/ 2 );\"><\/div><\/div><\/p>\n","protected":false},"excerpt":{"rendered":"","protected":false},"author":1,"featured_media":0,"parent":0,"menu_order":0,"comment_status":"closed","ping_status":"closed","template":"","meta":{"inline_featured_image":false,"footnotes":""},"class_list":["post-9707","page","type-page","status-publish","hentry"],"_links":{"self":[{"href":"https:\/\/effe.ch\/de\/wp-json\/wp\/v2\/pages\/9707","targetHints":{"allow":["GET"]}}],"collection":[{"href":"https:\/\/effe.ch\/de\/wp-json\/wp\/v2\/pages"}],"about":[{"href":"https:\/\/effe.ch\/de\/wp-json\/wp\/v2\/types\/page"}],"author":[{"embeddable":true,"href":"https:\/\/effe.ch\/de\/wp-json\/wp\/v2\/users\/1"}],"replies":[{"embeddable":true,"href":"https:\/\/effe.ch\/de\/wp-json\/wp\/v2\/comments?post=9707"}],"version-history":[{"count":11,"href":"https:\/\/effe.ch\/de\/wp-json\/wp\/v2\/pages\/9707\/revisions"}],"predecessor-version":[{"id":11456,"href":"https:\/\/effe.ch\/de\/wp-json\/wp\/v2\/pages\/9707\/revisions\/11456"}],"wp:attachment":[{"href":"https:\/\/effe.ch\/de\/wp-json\/wp\/v2\/media?parent=9707"}],"curies":[{"name":"wp","href":"https:\/\/api.w.org\/{rel}","templated":true}]}}